{"id":2,"date":"2016-02-01T15:13:25","date_gmt":"2016-02-01T15:13:25","guid":{"rendered":"http:\/\/wp.picmeta.com\/?page_id=2"},"modified":"2025-12-17T17:47:22","modified_gmt":"2025-12-17T17:47:22","slug":"photography-companions","status":"publish","type":"page","link":"https:\/\/www.picmeta.com\/de\/","title":{"rendered":"Photography Companions"},"content":{"rendered":"<p>Unsere Produkte wurden mit dem Ziel entwickelt, den Workflow der digitalen Bildverwaltung zu vereinfachen und zu rationalisieren. Sie lassen sich sowohl eigenst\u00e4ndig als auch nahtlos in bestehende Anwendungen integrieren. Der Fokus liegt auf Klarheit, Effizienz und praxisnaher Bedienung.<\/p>\n<p>&nbsp;<\/p>\n<p><strong>Werkzeuge f\u00fcr Metadaten, Organisation und Ausgabe \u2013 einzeln nutzbar, gemeinsam besonders stark.<\/strong><\/p>\n<p>&nbsp;<\/p>\n\r\n\t<div id=\"wpfcas-content-slider-2\" class=\"featured-content-slider design-2 \" data-conf=\"{&quot;dots&quot;:&quot;false&quot;,&quot;arrows&quot;:&quot;false&quot;,&quot;speed&quot;:&quot;3000&quot;,&quot;autoplay&quot;:&quot;true&quot;,&quot;autoplay_interval&quot;:&quot;100&quot;,&quot;slides_column&quot;:&quot;2&quot;,&quot;slides_scroll&quot;:&quot;2&quot;}\">\r\n\t\t <div class=\"slider-col-2\">\r\n\t<div class=\"featured-content-wrap\">\r\n\t\t<div class=\"featured-content-image circle\"> \r\n\t\t\t\t\t\t\t<a href=\"https:\/\/www.picmeta.com\/products\/picture-information-extractor.htm\" >\r\n\t\t\t\t\t<img loading=\"lazy\" decoding=\"async\" width=\"100\" height=\"100\" src=\"https:\/\/www.picmeta.com\/wp-content\/uploads\/pie-lens-150x150.png\" class=\"attachment-100x100 size-100x100 wp-post-image\" alt=\"\" srcset=\"https:\/\/www.picmeta.com\/wp-content\/uploads\/pie-lens-150x150.png 150w, https:\/\/www.picmeta.com\/wp-content\/uploads\/pie-lens-300x300.png 300w, https:\/\/www.picmeta.com\/wp-content\/uploads\/pie-lens-60x60.png 60w, https:\/\/www.picmeta.com\/wp-content\/uploads\/pie-lens.png 548w\" sizes=\"auto, (max-width: 100px) 100vw, 100px\" \/>\t\t\t\t<\/a>\r\n\t\t\t\t\t<\/div>\r\n\t\t<div class=\"featured-content-entry\">\r\n\t\t\t<h3 class=\"entry-title\">\r\n\t\t\t\t\t\t\t\t\t<a href=\"https:\/\/www.picmeta.com\/products\/picture-information-extractor.htm\" >\r\n\t\t\t\t\t\tPicture Information Extractor\t\t\t\t\t<\/a>\r\n\t\t\t\t\t\t\t<\/h3>\r\n\r\n\t\t\t\t\t\t\t<div class=\"featured_short_content\">\r\n\t\t\t\t\t<div class=\"sub-content\">Das ultimative Tool f\u00fcr digitale Kameras.<\/div>\r\n\t\t\t\t<\/div>\r\n\t\t\t\t\t<\/div>\r\n\t<\/div>\r\n<\/div><div class=\"slider-col-2\">\r\n\t<div class=\"featured-content-wrap\">\r\n\t\t<div class=\"featured-content-image circle\"> \r\n\t\t\t\t\t\t\t<a href=\"https:\/\/www.picmeta.com\/de\/products\/printstation.htm\" >\r\n\t\t\t\t\t<img loading=\"lazy\" decoding=\"async\" width=\"100\" height=\"100\" src=\"https:\/\/www.picmeta.com\/wp-content\/uploads\/printstation-images-150x150.png\" class=\"attachment-100x100 size-100x100 wp-post-image\" alt=\"\" srcset=\"https:\/\/www.picmeta.com\/wp-content\/uploads\/printstation-images-150x150.png 150w, https:\/\/www.picmeta.com\/wp-content\/uploads\/printstation-images-300x300.png 300w, https:\/\/www.picmeta.com\/wp-content\/uploads\/printstation-images-60x60.png 60w, https:\/\/www.picmeta.com\/wp-content\/uploads\/printstation-images.png 548w\" sizes=\"auto, (max-width: 100px) 100vw, 100px\" \/>\t\t\t\t<\/a>\r\n\t\t\t\t\t<\/div>\r\n\t\t<div class=\"featured-content-entry\">\r\n\t\t\t<h3 class=\"entry-title\">\r\n\t\t\t\t\t\t\t\t\t<a href=\"https:\/\/www.picmeta.com\/de\/products\/printstation.htm\" >\r\n\t\t\t\t\t\tPrintstation\t\t\t\t\t<\/a>\r\n\t\t\t\t\t\t\t<\/h3>\r\n\r\n\t\t\t\t\t\t\t<div class=\"featured_short_content\">\r\n\t\t\t\t\t<div class=\"sub-content\">Massenweise Bilder drucken - leicht und schnell.<\/div>\r\n\t\t\t\t<\/div>\r\n\t\t\t\t\t<\/div>\r\n\t<\/div>\r\n<\/div><div class=\"slider-col-2\">\r\n\t<div class=\"featured-content-wrap\">\r\n\t\t<div class=\"featured-content-image circle\"> \r\n\t\t\t\t\t\t\t<a href=\"https:\/\/www.picmeta.com\/products\/pie-studio.htm\" >\r\n\t\t\t\t\t<img loading=\"lazy\" decoding=\"async\" width=\"100\" height=\"100\" src=\"https:\/\/www.picmeta.com\/wp-content\/uploads\/piestudio-camera-picture-150x150.png\" class=\"attachment-100x100 size-100x100 wp-post-image\" alt=\"\" srcset=\"https:\/\/www.picmeta.com\/wp-content\/uploads\/piestudio-camera-picture-150x150.png 150w, https:\/\/www.picmeta.com\/wp-content\/uploads\/piestudio-camera-picture-300x300.png 300w, https:\/\/www.picmeta.com\/wp-content\/uploads\/piestudio-camera-picture-60x60.png 60w, https:\/\/www.picmeta.com\/wp-content\/uploads\/piestudio-camera-picture.png 548w\" sizes=\"auto, (max-width: 100px) 100vw, 100px\" \/>\t\t\t\t<\/a>\r\n\t\t\t\t\t<\/div>\r\n\t\t<div class=\"featured-content-entry\">\r\n\t\t\t<h3 class=\"entry-title\">\r\n\t\t\t\t\t\t\t\t\t<a href=\"https:\/\/www.picmeta.com\/products\/pie-studio.htm\" >\r\n\t\t\t\t\t\tPIE Studio\t\t\t\t\t<\/a>\r\n\t\t\t\t\t\t\t<\/h3>\r\n\r\n\t\t\t\t\t\t\t<div class=\"featured_short_content\">\r\n\t\t\t\t\t<div class=\"sub-content\">Integrierte L\u00f6sung f\u00fcr Verwaltung und Druck von Digitalfotos.<\/div>\r\n\t\t\t\t<\/div>\r\n\t\t\t\t\t<\/div>\r\n\t<\/div>\r\n<\/div>\r\n\t<\/div>\r\n\r\n\t\n<p>&nbsp;<\/p>\n<h1>Referenz in Metadaten<\/h1>\n<p><img loading=\"lazy\" decoding=\"async\" class=\"alignright wp-image-32\" src=\"https:\/\/www.picmeta.com\/wp-content\/uploads\/compactcams.jpg\" alt=\"compactcams\" width=\"92\" height=\"54\" \/><br \/>\n<img loading=\"lazy\" decoding=\"async\" class=\"alignright wp-image-33\" src=\"https:\/\/www.picmeta.com\/wp-content\/uploads\/digicam_noname.png\" alt=\"digicam_noname\" width=\"92\" height=\"83\" \/>Alle Kameras in einem Tool. Unsere L\u00f6sungen sind unabh\u00e4ngig von Kameraherstellern und unterst\u00fctzen nahezu alle Digitalkameras. Du musst dich nicht mehr in wechselnde Hersteller-Software einarbeiten \u2013 selbst dann nicht, wenn du deine Ausr\u00fcstung erneuerst oder unterschiedliche Kameras parallel einsetzt. Picmeta stellt Werkzeuge bereit, die sich an deine Arbeitsweise anpassen, nicht umgekehrt.<\/p>\n<p>Wenn du individuelle Anpassungen ben\u00f6tigst oder spezielle Anforderungen hast, freuen wir uns auf deine <a class=\"internal-link\" href=\"https:\/\/www.picmeta.com\/contact.htm\">Anfrage<\/a>.<\/p>","protected":false},"excerpt":{"rendered":"<p>Unsere Produkte wurden mit dem Ziel entwickelt, den Workflow der digitalen Bildverwaltung zu vereinfachen und zu rationalisieren. Sie lassen sich sowohl eigenst\u00e4ndig als auch nahtlos in bestehende Anwendungen integrieren. Der Fokus liegt auf Klarheit, Effizienz und praxisnaher Bedienung. &nbsp; Werkzeuge f\u00fcr Metadaten, Organisation und Ausgabe \u2013 einzeln nutzbar, gemeinsam besonders stark. &nbsp; &nbsp; Referenz in [&hellip;]<\/p>\n","protected":false},"author":1,"featured_media":150,"parent":0,"menu_order":0,"comment_status":"closed","ping_status":"closed","template":"","meta":{"_monsterinsights_skip_tracking":false,"_monsterinsights_sitenote_active":false,"_monsterinsights_sitenote_note":"","_monsterinsights_sitenote_category":0,"footnotes":""},"class_list":["post-2","page","type-page","status-publish","has-post-thumbnail","hentry"],"aioseo_notices":[],"_links":{"self":[{"href":"https:\/\/www.picmeta.com\/de\/wp-json\/wp\/v2\/pages\/2","targetHints":{"allow":["GET"]}}],"collection":[{"href":"https:\/\/www.picmeta.com\/de\/wp-json\/wp\/v2\/pages"}],"about":[{"href":"https:\/\/www.picmeta.com\/de\/wp-json\/wp\/v2\/types\/page"}],"author":[{"embeddable":true,"href":"https:\/\/www.picmeta.com\/de\/wp-json\/wp\/v2\/users\/1"}],"replies":[{"embeddable":true,"href":"https:\/\/www.picmeta.com\/de\/wp-json\/wp\/v2\/comments?post=2"}],"version-history":[{"count":38,"href":"https:\/\/www.picmeta.com\/de\/wp-json\/wp\/v2\/pages\/2\/revisions"}],"predecessor-version":[{"id":797,"href":"https:\/\/www.picmeta.com\/de\/wp-json\/wp\/v2\/pages\/2\/revisions\/797"}],"wp:featuredmedia":[{"embeddable":true,"href":"https:\/\/www.picmeta.com\/de\/wp-json\/wp\/v2\/media\/150"}],"wp:attachment":[{"href":"https:\/\/www.picmeta.com\/de\/wp-json\/wp\/v2\/media?parent=2"}],"curies":[{"name":"wp","href":"https:\/\/api.w.org\/{rel}","templated":true}]}}