{"id":216,"date":"2016-02-06T02:29:07","date_gmt":"2016-02-06T02:29:07","guid":{"rendered":"http:\/\/beta.picmeta.com\/?page_id=216"},"modified":"2016-02-08T20:38:24","modified_gmt":"2016-02-08T20:38:24","slug":"metadata","status":"publish","type":"page","link":"https:\/\/www.picmeta.com\/de\/metadata.htm","title":{"rendered":"Metadaten"},"content":{"rendered":"<p><span id=\"Dst[0][0:3:0:3]\">Hier<\/span> finden Sie <span id=\"Dst[0][8:8:9:12]\">eine<\/span> <span id=\"Dst[0][10:16:14:28]\">Zusammenfassung<\/span> <span id=\"Dst[0][18:19:30:32]\">der<\/span> <span id=\"Dst[0][25:32:34:42]\">Metadaten<\/span>&#8211;<span id=\"Dst[0][34:37:44:47]\">Tags<\/span>, die <span id=\"Dst[0][39:47:54:60]\">derzeit<\/span> <span id=\"Dst[0][59:60:62:64]\">von<\/span> <b><span id=\"Dst[0][62:64:66:71]\">PIE<\/span><\/b> <span id=\"Dst[0][66:68:73:75]\">und<\/span> <b><span id=\"Dst[0][70:72:77:79]\">PIE<\/span> <span id=\"Dst[0][74:79:81:86]\" class=\"dhighlight\">Studio<\/span><\/b> <span id=\"Dst[0][49:57:88:98]\">unterst\u00fctzt werden<\/span>. Dar\u00fcberhinaus werden s\u00e4mtliche XMP-Daten gelesen.<\/p>\n<div id=\"TranslationOutput\" class=\"mttextarea\" dir=\"ltr\">\n<p>Um f\u00fcr ein bestimmtes Foto eine vollst\u00e4ndige Liste der Tags mit den entsprechenden Werten\u00a0 zu erhalten, aktivieren Sie <i>Vollst\u00e4ndige Metadaten<\/i> im Ansicht-Men\u00fc, oder dr\u00fccken Sie F4 im Hauptfenster oder im Bildbetrachter.\u00a0<span id=\"Dst[1][183:188:193:197]\">Bitte<\/span> <span id=\"Dst[1][190:193:199:210]\">beachten Sie<\/span><span id=\"Dst[1][195:198:211:216]\">, dass<\/span> <span id=\"Dst[1][205:208:225:228]\">Tags<\/span> <span id=\"Dst[1][210:213:230:232]\">mit<\/span> <span id=\"Dst[1][215:224:234:242]\">unlesbaren<\/span> <span id=\"Dst[1][226:231:244:248]\">Werten<\/span> <span id=\"Dst[1][237:239:250:254]\">ausgeblendet sein k\u00f6nnen<\/span>.<\/p>\n<\/div>\n<p>&nbsp;<\/p>\n<p>EXIF-Tags entsprechend dem Exif 2.3 Standard:<\/p>\n<ul>\n<li><a class=\"internal-link\" href=\"https:\/\/www.picmeta.com\/metadata\/exif-tags.htm\">EXIF Tags<\/a><\/li>\n<li><a class=\"internal-link\" href=\"https:\/\/www.picmeta.com\/metadata\/gps-tags.htm\">GPS Tags<\/a><\/li>\n<\/ul>\n<p>Herstellerspezifische Tags:<\/p>\n<ul>\n<li><a class=\"internal-link\" href=\"https:\/\/www.picmeta.com\/metadata\/makernote-tags.htm\">Makernote Tags<\/a><\/li>\n<\/ul>\n<p>IPTC-Tags entsprechend dem Information Interchange Model (IIM):<\/p>\n<ul>\n<li><a class=\"internal-link\" href=\"https:\/\/www.picmeta.com\/metadata\/iptc-tags.htm\">IIM Application Record 2<\/a><\/li>\n<li><a class=\"internal-link\" href=\"https:\/\/www.picmeta.com\/metadata\/iptc-tags.htm#div_envelope\">IIM Envelope<\/a><\/li>\n<\/ul>\n<p><\/p>","protected":false},"excerpt":{"rendered":"<p>Hier finden Sie eine Zusammenfassung der Metadaten&#8211;Tags, die derzeit von PIE und PIE Studio unterst\u00fctzt werden. Dar\u00fcberhinaus werden s\u00e4mtliche XMP-Daten gelesen. Um f\u00fcr ein bestimmtes Foto eine vollst\u00e4ndige Liste der Tags mit den entsprechenden Werten\u00a0 zu erhalten, aktivieren Sie Vollst\u00e4ndige Metadaten im Ansicht-Men\u00fc, oder dr\u00fccken Sie F4 im Hauptfenster oder im Bildbetrachter.\u00a0Bitte beachten Sie, dass [&hellip;]<\/p>\n","protected":false},"author":1,"featured_media":0,"parent":0,"menu_order":0,"comment_status":"closed","ping_status":"closed","template":"","meta":{"_monsterinsights_skip_tracking":false,"_monsterinsights_sitenote_active":false,"_monsterinsights_sitenote_note":"","_monsterinsights_sitenote_category":0,"footnotes":""},"class_list":["post-216","page","type-page","status-publish","hentry"],"aioseo_notices":[],"_links":{"self":[{"href":"https:\/\/www.picmeta.com\/de\/wp-json\/wp\/v2\/pages\/216","targetHints":{"allow":["GET"]}}],"collection":[{"href":"https:\/\/www.picmeta.com\/de\/wp-json\/wp\/v2\/pages"}],"about":[{"href":"https:\/\/www.picmeta.com\/de\/wp-json\/wp\/v2\/types\/page"}],"author":[{"embeddable":true,"href":"https:\/\/www.picmeta.com\/de\/wp-json\/wp\/v2\/users\/1"}],"replies":[{"embeddable":true,"href":"https:\/\/www.picmeta.com\/de\/wp-json\/wp\/v2\/comments?post=216"}],"version-history":[{"count":5,"href":"https:\/\/www.picmeta.com\/de\/wp-json\/wp\/v2\/pages\/216\/revisions"}],"predecessor-version":[{"id":486,"href":"https:\/\/www.picmeta.com\/de\/wp-json\/wp\/v2\/pages\/216\/revisions\/486"}],"wp:attachment":[{"href":"https:\/\/www.picmeta.com\/de\/wp-json\/wp\/v2\/media?parent=216"}],"curies":[{"name":"wp","href":"https:\/\/api.w.org\/{rel}","templated":true}]}}