{"id":25,"date":"2016-02-02T11:44:03","date_gmt":"2016-02-02T11:44:03","guid":{"rendered":"http:\/\/wp.picmeta.com\/?page_id=25"},"modified":"2025-12-17T17:14:57","modified_gmt":"2025-12-17T17:14:57","slug":"printstation","status":"publish","type":"page","link":"https:\/\/www.picmeta.com\/de\/products\/printstation.htm","title":{"rendered":"Printstation"},"content":{"rendered":"<p><i>Betrachten \u2013 Organisieren \u2013 Drucken \u2013 Dokumentieren<\/i><\/p>\n<p><b>Viele Bilder drucken \u2013 schnell, \u00fcbersichtlich und professionell<\/b><\/p>\n<p>&nbsp;<\/p>\n<p><b>Printstation<\/b> ist eine professionelle Software zum Erstellen von Kontaktabz\u00fcgen, gedruckten Alben, Indexseiten, Collagen, Fotodokumentationen, Passfotos und mehr. Mit nur wenigen Klicks druckst du <b>seitenweise Fotos<\/b> inklusive automatisch generierter <b>\u00dcber- und Unterschriften<\/b> \u2013 auch mit <b>Makrofunktionen<\/b> \u2013 ohne dich manuell um die exakte Positionierung einzelner Bilder k\u00fcmmern zu m\u00fcssen.<\/p>\n<p>&nbsp;<\/p>\n<p><i>Printstation bietet Funktionen, die in dieser Kombination einzigartig sind:<\/i><\/p>\n<ul>\n<li><b>Papiersparmodus<\/b>, der f\u00fcr jede beliebige Kombination aus Foto- und Papiergr\u00f6\u00dfe automatisch das optimale Layout berechnet \u2013 ganz ohne Templates.<\/li>\n<li><b>Flexibles Gitterlayout<\/b>, bei dem Bilder in Zeilen und Spalten angeordnet werden, w\u00e4hrend einzelne Bilder gezielt vergr\u00f6\u00dfert oder hervorgehoben werden k\u00f6nnen.<\/li>\n<li>Integrierte <b>PDF-Engine<\/b> f\u00fcr maximale Qualit\u00e4t bei der Erstellung von PDF-Alben und Dokumentationen.<\/li>\n<\/ul>\n<p>&nbsp;<\/p>\n<p>Eine Seite in Printstation besteht aus Spalten, Zeilen und Zellen. Du legst lediglich die Anzahl von Spalten und Zeilen fest \u2013 die Zellgr\u00f6\u00dfe passt sich automatisch an. Bilder k\u00f6nnen automatisch eingepasst oder zellen\u00fcbergreifend horizontal oder vertikal erweitert werden.<\/p>\n<p>Ein intelligenter Algorithmus sorgt daf\u00fcr, dass keine unn\u00f6tigen L\u00fccken entstehen. So entsteht ein aufger\u00e4umtes, professionell wirkendes Layout, ohne Zeit, Papier oder Druckkosten zu verschwenden.<\/p>\n<p>Das eigentliche Drucken ist nur ein Teil des Workflows. Ein oft untersch\u00e4tzter, aber entscheidender Schritt ist die <b>Auswahl der Bilder<\/b>. Printstation unterst\u00fctzt dich dabei mit einem komfortablen <b>Fotobrowser<\/b> und einem <b>schnellen integrierten Bildbetrachter<\/b> inklusive <b>Diashow-Funktion<\/b>.<\/p>\n<p>Du markierst einzelne Bilder per Klick oder Tastendruck \u2013 oder ganze Ordner auf einmal. Die aktuelle Bildauswahl kann <b>gespeichert<\/b> und sp\u00e4ter jederzeit <b>wieder geladen<\/b> werden.<\/p>\n<p>&nbsp;<\/p>\n<p class=\"bodytext\"><b><img loading=\"lazy\" decoding=\"async\" class=\"size-full wp-image-26 aligncenter\" src=\"https:\/\/www.picmeta.com\/wp-content\/uploads\/printstation-layout.png\" alt=\"printstation-layout\" width=\"539\" height=\"495\" srcset=\"https:\/\/www.picmeta.com\/wp-content\/uploads\/printstation-layout.png 539w, https:\/\/www.picmeta.com\/wp-content\/uploads\/printstation-layout-300x276.png 300w\" sizes=\"auto, (max-width: 539px) 100vw, 539px\" \/><\/b><\/p>\n<p>&nbsp;<\/p>\n<h1>Printstation Eigenschaften<\/h1>\n<p>Schnell, \u00fcbersichtlich und einfach in der Benutzung:<\/p>\n<p><b>Drucken &amp; PDF<\/b><\/p>\n<ul>\n<li>Druck mehrerer Bilder pro Seite in Reihen, Spalten oder Standard-Fotoformaten<\/li>\n<li>Vergr\u00f6\u00dfern, Drehen, Verschieben und Vervielf\u00e4ltigen einzelner Bilder<\/li>\n<li>Automatische Gr\u00f6\u00dfen- und Positionsanpassung<\/li>\n<li>Papiersparmodus f\u00fcr die maximale Anzahl an Bildern pro Seite<\/li>\n<li>Erstellung von PDF-Alben und Index-Bilddateien<\/li>\n<li>Vollst\u00e4ndige WYSIWYG-Vorschau aller zu druckenden Seiten<\/li>\n<li>Flexible Beschriftungsoptionen mit frei definierbaren \u00dcber- und Unterschriften f\u00fcr Bilder und Seiten<\/li>\n<li>Direktdruck von Kameras via PTP (PictBridge), iPhone und iPad<\/li>\n<\/ul>\n<p><b>Organisation<\/b><\/p>\n<ul>\n<li>Dateimanager mit Shell-Integration<\/li>\n<li>Thumbnail-Browser mit Echtzeit-Zoom<\/li>\n<li>Gruppieren nach Name, Datum, Typ oder Gr\u00f6\u00dfe<\/li>\n<li>Bildvorschau<\/li>\n<\/ul>\n<p><b>Bildbetrachter<\/b><\/p>\n<ul>\n<li>Schneller und komfortabler Bildbetrachter<\/li>\n<li>Automatisches Ausrichten basierend auf dem Lagesensor der Kamera<\/li>\n<li>Unterst\u00fctzung von Farbmanagement<\/li>\n<li>Unterst\u00fctzung vieler Dateiformate, einschlie\u00dflich DICOM (medizinische Anwendungen)<\/li>\n<\/ul>\n<p>Zum Drucken von RAW-Dateien oder f\u00fcr Layouts mit EXIF-Daten siehe <a class=\"internal-link\" href=\"https:\/\/www.picmeta.com\/products\/pie-studio.htm\">PIE Studio<\/a>.<\/p>\n<p>&nbsp;<\/p>\n<h1>M\u00f6chtest du mehr erfahren?<\/h1>\n<ul>\n<li>Download der <a class=\"internal-link\" href=\"https:\/\/www.picmeta.com\/download.htm\">Demoversion<\/a><\/li>\n<li>St\u00e4ndig aktualisierte <a class=\"internal-link\" href=\"https:\/\/www.picmeta.com\/download\/printstation-history.htm\">Liste der Neuerungen (engl.)<\/a><\/li>\n<\/ul>\n<p><\/p>","protected":false},"excerpt":{"rendered":"<p>Betrachten \u2013 Organisieren \u2013 Drucken \u2013 Dokumentieren Viele Bilder drucken \u2013 schnell, \u00fcbersichtlich und professionell &nbsp; Printstation ist eine professionelle Software zum Erstellen von Kontaktabz\u00fcgen, gedruckten Alben, Indexseiten, Collagen, Fotodokumentationen, Passfotos und mehr. Mit nur wenigen Klicks druckst du seitenweise Fotos inklusive automatisch generierter \u00dcber- und Unterschriften \u2013 auch mit Makrofunktionen \u2013 ohne dich manuell [&hellip;]<\/p>\n","protected":false},"author":1,"featured_media":72,"parent":119,"menu_order":1,"comment_status":"closed","ping_status":"closed","template":"","meta":{"_monsterinsights_skip_tracking":false,"_monsterinsights_sitenote_active":false,"_monsterinsights_sitenote_note":"","_monsterinsights_sitenote_category":0,"footnotes":""},"class_list":["post-25","page","type-page","status-publish","has-post-thumbnail","hentry"],"aioseo_notices":[],"_links":{"self":[{"href":"https:\/\/www.picmeta.com\/de\/wp-json\/wp\/v2\/pages\/25","targetHints":{"allow":["GET"]}}],"collection":[{"href":"https:\/\/www.picmeta.com\/de\/wp-json\/wp\/v2\/pages"}],"about":[{"href":"https:\/\/www.picmeta.com\/de\/wp-json\/wp\/v2\/types\/page"}],"author":[{"embeddable":true,"href":"https:\/\/www.picmeta.com\/de\/wp-json\/wp\/v2\/users\/1"}],"replies":[{"embeddable":true,"href":"https:\/\/www.picmeta.com\/de\/wp-json\/wp\/v2\/comments?post=25"}],"version-history":[{"count":15,"href":"https:\/\/www.picmeta.com\/de\/wp-json\/wp\/v2\/pages\/25\/revisions"}],"predecessor-version":[{"id":786,"href":"https:\/\/www.picmeta.com\/de\/wp-json\/wp\/v2\/pages\/25\/revisions\/786"}],"up":[{"embeddable":true,"href":"https:\/\/www.picmeta.com\/de\/wp-json\/wp\/v2\/pages\/119"}],"wp:featuredmedia":[{"embeddable":true,"href":"https:\/\/www.picmeta.com\/de\/wp-json\/wp\/v2\/media\/72"}],"wp:attachment":[{"href":"https:\/\/www.picmeta.com\/de\/wp-json\/wp\/v2\/media?parent=25"}],"curies":[{"name":"wp","href":"https:\/\/api.w.org\/{rel}","templated":true}]}}