{"id":727,"date":"2024-02-28T13:42:03","date_gmt":"2024-02-28T13:42:03","guid":{"rendered":"https:\/\/www.picmeta.com\/?page_id=727"},"modified":"2024-02-28T13:42:03","modified_gmt":"2024-02-28T13:42:03","slug":"what-is-exif-data","status":"publish","type":"page","link":"https:\/\/www.picmeta.com\/de\/metadata\/what-is-exif-data.htm","title":{"rendered":"Was sind EXIF-Daten?"},"content":{"rendered":"<p>EXIF steht f\u00fcr &#8222;Exchangeable Image File Format&#8220; und bezieht sich auf Metadaten, die in digitalen Bild- und Fotodateien gespeichert sind. Diese Daten enthalten Informationen \u00fcber verschiedene Aspekte des Bildes, wie zum Beispiel:<\/p>\n<ul>\n<li>Kameramodell: Die EXIF-Daten enthalten Informationen dar\u00fcber, welche Kamera das Bild aufgenommen hat, einschlie\u00dflich des Herstellers und des Modells.<\/li>\n<li>Aufnahmedatum und -zeit: Das Datum und die Uhrzeit, zu denen das Bild aufgenommen wurde, sind ebenfalls in den EXIF-Daten enthalten.<\/li>\n<li>Belichtungsinformationen: Dies umfasst Daten wie Belichtungszeit, Blende, ISO-Empfindlichkeit und Belichtungskorrektur, die bei der Aufnahme des Bildes verwendet wurden.<\/li>\n<li>GPS-Informationen: Sofern verf\u00fcgbar, k\u00f6nnen EXIF-Daten auch geografische Koordinaten enthalten, die den Aufnahmeort des Bildes angeben.<\/li>\n<li>Kameraeinstellungen: Informationen zu Kameraeinstellungen wie Wei\u00dfabgleich, Fokussiermodus, Blitzgebrauch und Bildkompression k\u00f6nnen ebenfalls in den EXIF-Daten enthalten sein.<\/li>\n<\/ul>\n<p>EXIF-Daten sind n\u00fctzlich f\u00fcr Fotografen, da sie ihnen helfen k\u00f6nnen, sich an die Aufnahmeeinstellungen zu erinnern und den Kontext um ein Bild zu verstehen. Fotoverwaltungssoftware und Bildbearbeitungsprogramme k\u00f6nnen auf diese Daten zugreifen, um sie anzuzeigen oder zu bearbeiten. Es ist wichtig zu beachten, dass nicht alle Bilder EXIF-Daten enthalten, da sie m\u00f6glicherweise entfernt oder ge\u00e4ndert wurden, insbesondere wenn Bilder online geteilt oder bearbeitet werden.<\/p>","protected":false},"excerpt":{"rendered":"<p>EXIF steht f\u00fcr &#8222;Exchangeable Image File Format&#8220; und bezieht sich auf Metadaten, die in digitalen Bild- und Fotodateien gespeichert sind. Diese Daten enthalten Informationen \u00fcber verschiedene Aspekte des Bildes, wie zum Beispiel: Kameramodell: Die EXIF-Daten enthalten Informationen dar\u00fcber, welche Kamera das Bild aufgenommen hat, einschlie\u00dflich des Herstellers und des Modells. Aufnahmedatum und -zeit: Das Datum [&hellip;]<\/p>\n","protected":false},"author":1,"featured_media":0,"parent":216,"menu_order":0,"comment_status":"closed","ping_status":"closed","template":"","meta":{"_monsterinsights_skip_tracking":false,"_monsterinsights_sitenote_active":false,"_monsterinsights_sitenote_note":"","_monsterinsights_sitenote_category":0,"footnotes":""},"class_list":["post-727","page","type-page","status-publish","hentry"],"aioseo_notices":[],"_links":{"self":[{"href":"https:\/\/www.picmeta.com\/de\/wp-json\/wp\/v2\/pages\/727","targetHints":{"allow":["GET"]}}],"collection":[{"href":"https:\/\/www.picmeta.com\/de\/wp-json\/wp\/v2\/pages"}],"about":[{"href":"https:\/\/www.picmeta.com\/de\/wp-json\/wp\/v2\/types\/page"}],"author":[{"embeddable":true,"href":"https:\/\/www.picmeta.com\/de\/wp-json\/wp\/v2\/users\/1"}],"replies":[{"embeddable":true,"href":"https:\/\/www.picmeta.com\/de\/wp-json\/wp\/v2\/comments?post=727"}],"version-history":[{"count":1,"href":"https:\/\/www.picmeta.com\/de\/wp-json\/wp\/v2\/pages\/727\/revisions"}],"predecessor-version":[{"id":728,"href":"https:\/\/www.picmeta.com\/de\/wp-json\/wp\/v2\/pages\/727\/revisions\/728"}],"up":[{"embeddable":true,"href":"https:\/\/www.picmeta.com\/de\/wp-json\/wp\/v2\/pages\/216"}],"wp:attachment":[{"href":"https:\/\/www.picmeta.com\/de\/wp-json\/wp\/v2\/media?parent=727"}],"curies":[{"name":"wp","href":"https:\/\/api.w.org\/{rel}","templated":true}]}}