{"id":21,"date":"2016-02-02T11:08:15","date_gmt":"2016-02-02T11:08:15","guid":{"rendered":"http:\/\/wp.picmeta.com\/?page_id=21"},"modified":"2025-12-17T17:05:45","modified_gmt":"2025-12-17T17:05:45","slug":"picture-information-extractor","status":"publish","type":"page","link":"https:\/\/www.picmeta.com\/es\/products\/picture-information-extractor.htm","title":{"rendered":"Picture Information Extractor"},"content":{"rendered":"<p><i><br \/>\nImportar \u2013 Renombrar \u2013 Ver \u2013 Organizar \u2013 Etiquetar<br \/>\n<img loading=\"lazy\" decoding=\"async\" class=\"alignright size-full wp-image-49\" src=\"https:\/\/www.picmeta.com\/wp-content\/uploads\/FreeVersion.png\" alt=\"FreeVersion\" width=\"98\" height=\"58\" \/><br \/>\n<\/i><\/p>\n<p><b>Comprender metadatos. Organizar fotos. Simplificar flujos de trabajo.<\/b><\/p>\n<ul>\n<li>Visualizaci\u00f3n y edici\u00f3n completa de metadatos EXIF, IPTC y XMP<\/li>\n<li>Potentes funciones por lotes para renombrar, editar e importar<\/li>\n<li>Navegador de im\u00e1genes r\u00e1pido con visor integrado para grandes colecciones<\/li>\n<\/ul>\n<p>&nbsp;<\/p>\n<p><b>La herramienta para metadatos y organizaci\u00f3n fotogr\u00e1fica<\/b><\/p>\n<p>PIE es un navegador y visor de im\u00e1genes con potentes funciones de metadatos y renombrado de archivos.<br \/>\nEl software <b>lee informaci\u00f3n EXIF, XMP e IPTC de archivos JPG, TIF y RAW <\/b>y la presenta de forma clara y detallada.<\/p>\n<p>Parte de los <a class=\"internal-link\" href=\"https:\/\/www.picmeta.com\/metadata\/what-is-exif-data.htm\">datos EXIF<\/a>\u00a0se almacenan en un formato estandarizado e incluyen informaci\u00f3n como fecha\/hora de captura,<br \/>\nvelocidad de obturaci\u00f3n, apertura o uso del flash. Muchos detalles importantes \u2013 como el programa de disparo, balance de blancos o datos del objetivo \u2013 se guardan en el llamado <a class=\"internal-link\" href=\"https:\/\/www.picmeta.com\/metadata\/makernote-tags.htm\">bloque Makernote<\/a>, que es espec\u00edfico del fabricante. Por ello, normalmente se requiere el software del fabricante de la c\u00e1mara. PIE, en cambio, ofrece una <b>amplia compatibilidad con Makernotes<\/b>, permiti\u00e9ndote acceder a <b>metadatos completos<\/b> de <b>una gran variedad de c\u00e1maras<\/b> con una sola herramienta.<\/p>\n<p>Adem\u00e1s, PIE permite <b>editar datos EXIF e IPTC<\/b>*, a\u00f1adir o eliminar etiquetas, modificar fecha\/hora EXIF en archivos JPG, TIFF y RAW,<br \/>\nrotar im\u00e1genes sin p\u00e9rdida y actualizar miniaturas incrustadas \u2013 <b>sin da\u00f1ar el bloque Makernote<\/b>, como puede ocurrir con otros programas (por ejemplo, el di\u00e1logo de propiedades del Explorador de Windows).<br \/>\nLa edici\u00f3n de metadatos no afecta a la <b>calidad de la imagen<\/b>.<\/p>\n<p><i>* Las funciones de edici\u00f3n est\u00e1n disponibles en la <a class=\"internal-link\" href=\"https:\/\/www.picmeta.com\/purchase.htm\">versi\u00f3n comercial<\/a>.<\/i><\/p>\n<p>Si es necesario, los cambios en datos EXIF e IPTC se reflejan autom\u00e1ticamente en las etiquetas XMP correspondientes.<br \/>\nEsto hace que PIE sea <b>compatible con el Explorador de Windows<\/b> y con Adobe Photoshop, Lightroom y otros programas.<\/p>\n<p>&nbsp;<\/p>\n<p><img loading=\"lazy\" decoding=\"async\" class=\"wp-image-736 aligncenter\" title=\"PIE Main Window\" src=\"https:\/\/www.picmeta.com\/wp-content\/uploads\/pie-main.png\" alt=\"\" width=\"697\" height=\"448\" srcset=\"https:\/\/www.picmeta.com\/wp-content\/uploads\/pie-main.png 1484w, https:\/\/www.picmeta.com\/wp-content\/uploads\/pie-main-300x193.png 300w, https:\/\/www.picmeta.com\/wp-content\/uploads\/pie-main-1024x658.png 1024w\" sizes=\"auto, (max-width: 697px) 100vw, 697px\" \/><\/p>\n<p>&nbsp;<\/p>\n<p>PIE <b>muestra los datos de exposici\u00f3n<\/b> de cada imagen, permiti\u00e9ndote comprender qu\u00e9 hizo exactamente la c\u00e1mara al tomar la foto.<br \/>\nSe muestran datos como velocidad de obturaci\u00f3n, apertura, flash, posici\u00f3n de zoom y m\u00e1s.<\/p>\n<p>Un generador de informes integrado permite <b>exportar listas de archivos con metadatos <\/b>a Excel o archivos de texto.<\/p>\n<p>PIE tambi\u00e9n puede <b>eliminar metadatos<\/b> para obtener <b>im\u00e1genes respetuosas con la privacidad<\/b>.<\/p>\n<p>&nbsp;<\/p>\n<p><a href=\"https:\/\/www.picmeta.com\/wp-content\/uploads\/pie-options.png\" target=\"_blank\" rel=\"attachment noopener wp-att-370\"><br \/>\n<img loading=\"lazy\" decoding=\"async\" class=\"alignleft wp-image-370 size-medium\" title=\"Configuraci\u00f3n de renombrado autom\u00e1tico\" src=\"https:\/\/www.picmeta.com\/wp-content\/uploads\/pie-options-300x255.png\" alt=\"pie-options\" width=\"229\" height=\"195\" srcset=\"https:\/\/www.picmeta.com\/wp-content\/uploads\/pie-options-300x255.png 300w, https:\/\/www.picmeta.com\/wp-content\/uploads\/pie-options.png 457w\" sizes=\"auto, (max-width: 229px) 100vw, 229px\" \/><br \/>\n<\/a><\/p>\n<p>PIE tambi\u00e9n es una <b>herramienta de renombrado de archivos<\/b><br \/>\nque lee informaci\u00f3n directamente de las im\u00e1genes originales<br \/>\ny renombra archivos seg\u00fan fecha\/hora de captura u otros metadatos.<br \/>\nEl renombrado se basa en un patr\u00f3n flexible y editable.<br \/>\nPor ejemplo, PIC00001.jpg se convierte en 2007-04-11_08-50.jpg.<\/p>\n<p>Define una vez un formato de nombres y apl\u00edcalo a todas tus fotos,<br \/>\nincluidas aquellas recibidas de otras personas o c\u00e1maras.<br \/>\nCon poco esfuerzo, tu archivo fotogr\u00e1fico se vuelve mucho m\u00e1s ordenado.<\/p>\n<p>Los archivos asociados como miniaturas .thm, archivos .xmp y archivos de audio .wav<br \/>\ntambi\u00e9n se renombran autom\u00e1ticamente.<\/p>\n<p>&nbsp;<\/p>\n<p>PIE act\u00faa adem\u00e1s como <b>gestor de archivos<\/b>.<br \/>\nPuedes navegar por carpetas, ordenar, mover, copiar, eliminar o renombrar im\u00e1genes.<br \/>\nDesde aqu\u00ed se puede iniciar cualquier software de edici\u00f3n de im\u00e1genes.<br \/>\nLos archivos pueden buscarse por nombre, palabras clave, categor\u00edas, descripciones y otros metadatos.<br \/>\nLos pares RAW+JPG pueden eliminarse con un solo clic, incluso si est\u00e1n en carpetas diferentes.<\/p>\n<p>&nbsp;<\/p>\n<p><img loading=\"lazy\" decoding=\"async\" class=\"alignleft wp-image-387 size-medium\" title=\"Vista a pantalla completa\" src=\"https:\/\/www.picmeta.com\/wp-content\/uploads\/pie-viewer-300x200.png\" alt=\"pie-viewer\" width=\"276\" height=\"184\" srcset=\"https:\/\/www.picmeta.com\/wp-content\/uploads\/pie-viewer-300x200.png 300w, https:\/\/www.picmeta.com\/wp-content\/uploads\/pie-viewer.png 552w\" sizes=\"auto, (max-width: 276px) 100vw, 276px\" \/><\/p>\n<p>PIE incluye un <b>visor de im\u00e1genes integrado muy r\u00e1pido<\/b>.<br \/>\nUsa la rueda del rat\u00f3n para hacer zoom o cambiar de imagen,<br \/>\nlas teclas de cursor para desplazarte y las teclas de funci\u00f3n para mostrar u ocultar informaci\u00f3n.<br \/>\nUn solo clic inicia una presentaci\u00f3n o alterna entre navegador y visor.<\/p>\n<p>El visor de im\u00e1genes es compatible con archivos RAW de casi todas las c\u00e1maras digitales.<\/p>\n<p>&nbsp;<\/p>\n<p><a href=\"https:\/\/www.picmeta.com\/wp-content\/uploads\/pie-changedatetime.png\" target=\"_blank\" rel=\"attachment noopener wp-att-367\"><br \/>\n<img loading=\"lazy\" decoding=\"async\" class=\"alignright wp-image-367 size-medium\" title=\"Cambiar fecha y hora\" src=\"https:\/\/www.picmeta.com\/wp-content\/uploads\/pie-changedatetime-300x222.png\" alt=\"pie-changedatetime\" width=\"300\" height=\"222\" srcset=\"https:\/\/www.picmeta.com\/wp-content\/uploads\/pie-changedatetime-300x222.png 300w, https:\/\/www.picmeta.com\/wp-content\/uploads\/pie-changedatetime.png 504w\" sizes=\"auto, (max-width: 300px) 100vw, 300px\" \/><br \/>\n<\/a><\/p>\n<p>PIE permite <b>modificar posteriormente la hora de captura (hora EXIF)<\/b>.<br \/>\nPuedes establecer una fecha fija o desplazar los valores de tiempo seg\u00fan sea necesario,<br \/>\npara cualquier n\u00famero de archivos seleccionados.<br \/>\nOpcionalmente, los sellos de tiempo del archivo pueden ajustarse a la hora de captura,<br \/>\nlo que resulta \u00fatil para una correcta ordenaci\u00f3n en otras aplicaciones.<\/p>\n<p>La hora EXIF puede modificarse en archivos JPG, TIF y RAW<br \/>\n(.crw, .cr2, .nef, .orf, .arw, .pef, .mrw, .dcs, \u2026).<\/p>\n<p>&nbsp;<\/p>\n<p><img loading=\"lazy\" decoding=\"async\" class=\"size-full wp-image-489 alignright\" src=\"https:\/\/www.picmeta.com\/wp-content\/uploads\/rotate.png\" alt=\"rotate\" width=\"57\" height=\"57\" \/><\/p>\n<p>PIE admite <b>rotaci\u00f3n sin p\u00e9rdida<\/b> y <b>recorte sin p\u00e9rdida<\/b>.<br \/>\nLas im\u00e1genes pueden rotarse o recortarse sin p\u00e9rdida de calidad,<br \/>\nsin descompresi\u00f3n ni recompresi\u00f3n.<br \/>\nTodas las operaciones son completamente reversibles.<\/p>\n<p>&nbsp;<\/p>\n<p><a href=\"https:\/\/www.picmeta.com\/wp-content\/uploads\/geotagging.png\" target=\"_blank\" rel=\"attachment noopener wp-att-364\"><br \/>\n<img loading=\"lazy\" decoding=\"async\" class=\"alignleft wp-image-364 size-medium\" title=\"Geolocalizaci\u00f3n\" src=\"https:\/\/www.picmeta.com\/wp-content\/uploads\/geotagging-300x232.png\" alt=\"geotagging\" width=\"300\" height=\"232\" srcset=\"https:\/\/www.picmeta.com\/wp-content\/uploads\/geotagging-300x232.png 300w, https:\/\/www.picmeta.com\/wp-content\/uploads\/geotagging-768x593.png 768w, https:\/\/www.picmeta.com\/wp-content\/uploads\/geotagging.png 792w\" sizes=\"auto, (max-width: 300px) 100vw, 300px\" \/><br \/>\n<\/a><\/p>\n<p>La funci\u00f3n de <b>geolocalizaci\u00f3n<\/b> permite visualizar y editar la ubicaci\u00f3n de las fotos<br \/>\nen un mapa interactivo, sin necesidad de un dispositivo GPS dedicado.<br \/>\nLos datos GPS pueden editarse individualmente o por lotes.<br \/>\nLa funci\u00f3n es compatible con iTunes y permite crear \u00e1lbumes basados en ubicaci\u00f3n<br \/>\nen iPhone, iPad y iPod touch.<\/p>\n<p>&nbsp;<\/p>\n<p><a href=\"https:\/\/www.picmeta.com\/wp-content\/uploads\/pie-keywords.png\" target=\"_blank\" rel=\"attachment noopener wp-att-368\"><br \/>\n<img loading=\"lazy\" decoding=\"async\" class=\"alignright wp-image-368 size-medium\" title=\"Palabras clave IPTC\" src=\"https:\/\/www.picmeta.com\/wp-content\/uploads\/pie-keywords-300x264.png\" alt=\"pie-keywords\" width=\"300\" height=\"264\" srcset=\"https:\/\/www.picmeta.com\/wp-content\/uploads\/pie-keywords-300x264.png 300w, https:\/\/www.picmeta.com\/wp-content\/uploads\/pie-keywords.png 590w\" sizes=\"auto, (max-width: 300px) 100vw, 300px\" \/><br \/>\n<\/a><\/p>\n<p>PIE ofrece un potente <b>editor de metadatos IPTC<\/b>,<br \/>\nincluida la <a class=\"external-link\" href=\"https:\/\/www.picmeta.com\/news\/hierarchical-keywords.htm\">gesti\u00f3n jer\u00e1rquica de palabras clave<\/a>.<br \/>\nLas palabras clave pueden a\u00f1adirse o eliminarse por lotes sin afectar a las etiquetas existentes.<br \/>\nLas plantillas permiten adaptar PIE f\u00e1cilmente a tu flujo de trabajo.<\/p>\n<p>&nbsp;<\/p>\n<p>&nbsp;<\/p>\n<p><a href=\"https:\/\/www.picmeta.com\/wp-content\/uploads\/pie-transfer.png\" target=\"_blank\" rel=\"attachment noopener wp-att-372\"><br \/>\n<img loading=\"lazy\" decoding=\"async\" class=\"alignleft wp-image-372 size-medium\" title=\"Configuraci\u00f3n de importaci\u00f3n\" src=\"https:\/\/www.picmeta.com\/wp-content\/uploads\/pie-transfer-300x255.png\" alt=\"pie-transfer\" width=\"229\" height=\"195\" srcset=\"https:\/\/www.picmeta.com\/wp-content\/uploads\/pie-transfer-300x255.png 300w, https:\/\/www.picmeta.com\/wp-content\/uploads\/pie-transfer.png 457w\" sizes=\"auto, (max-width: 229px) 100vw, 229px\" \/><\/a>Durante la <b>importaci\u00f3n de im\u00e1genes<\/b>, PIE copia o mueve fotos y v\u00eddeos,<br \/>\nopcionalmente los renombra y corrige autom\u00e1ticamente la orientaci\u00f3n de im\u00e1genes verticales.<br \/>\nLas carpetas pueden crearse siguiendo una <b>estructura de directorios libremente definible<\/b>,<br \/>\ny los archivos se clasifican por fecha, modelo de c\u00e1mara o tipo de archivo.<\/p>\n<p>La importaci\u00f3n funciona de forma fiable con <b>iPhone<\/b>, <b>iPad<\/b><br \/>\ny c\u00e1maras conectadas mediante PTP\/MTP.<\/p>\n<h1><\/h1>\n<h1>Caracter\u00edsticas de PIE<\/h1>\n<p><b>Metadatos*<\/b><\/p>\n<ul>\n<li>Extracci\u00f3n y visualizaci\u00f3n de metadatos EXIF, XMP e IPTC<\/li>\n<li>Metadatos definidos por el usuario (\u201cMis etiquetas\u201d)<\/li>\n<li>Edici\u00f3n de etiquetas EXIF e IPTC (modo individual y por lotes)<\/li>\n<li>Plantillas de metadatos<\/li>\n<li>Palabras clave y categor\u00edas jer\u00e1rquicas<\/li>\n<li>Geolocalizaci\u00f3n con mapa interactivo<\/li>\n<li>Modificar o a\u00f1adir fecha\/hora EXIF<\/li>\n<li>Ajustar marcas de tiempo de archivos<\/li>\n<li>Eliminar, respaldar y restaurar metadatos<\/li>\n<li>Exportar listas de metadatos<\/li>\n<\/ul>\n<p><b>Organizaci\u00f3n<\/b><\/p>\n<ul>\n<li>Gestor de archivos con integraci\u00f3n del sistema<\/li>\n<li>Navegador de miniaturas con zoom en tiempo real<\/li>\n<li>B\u00fasqueda y ordenaci\u00f3n por metadatos<\/li>\n<li>Renombrado autom\u00e1tico de archivos<\/li>\n<li>Compatibilidad con archivos asociados<\/li>\n<li>Importaci\u00f3n automatizada con estructura personalizada<\/li>\n<li>Eliminaci\u00f3n con un clic de pares RAW+JPG<\/li>\n<\/ul>\n<p><b>Procesamiento de im\u00e1genes<\/b><\/p>\n<ul>\n<li>Rotaci\u00f3n y recorte sin p\u00e9rdida<\/li>\n<li>Rotaci\u00f3n de archivos RAW<\/li>\n<li>Redimensionar im\u00e1genes conservando metadatos<\/li>\n<li>Procesamiento por lotes<\/li>\n<\/ul>\n<p><b>Visor de im\u00e1genes<\/b><\/p>\n<ul>\n<li>Visor r\u00e1pido con gesti\u00f3n de color<\/li>\n<li>Orientaci\u00f3n autom\u00e1tica mediante sensor de la c\u00e1mara<\/li>\n<li>Compatibilidad con muchos formatos, incluido DICOM y RAW<\/li>\n<\/ul>\n<p><i>*La versi\u00f3n gratuita no guarda cambios<\/i><\/p>\n<h1>Formatos RAW compatibles<\/h1>\n<p class=\"qtranxs-available-languages-message qtranxs-available-languages-message-es\"> <\/p><p><\/p>\n<ul>\n<li>Sony .ARW .SR2<\/li>\n<li>Canon .CRW .CR2, .CR3, CHDK<\/li>\n<li>Adobe Digital Negative .DNG<\/li>\n<li>Epson .ERF<\/li>\n<li>Kodak .DCR .KDC<\/li>\n<li>Mamiya .MEF<\/li>\n<li>Minolta .MRW<\/li>\n<li>Nikon .NEF<\/li>\n<li>Olympus .ORF<\/li>\n<li>Pentax .PEF<\/li>\n<li>Panasonic .RW2<\/li>\n<li>Fuji .RAF<\/li>\n<li>Leica .RWL<\/li>\n<li>Generic .RAW<\/li>\n<\/ul>\n<p><\/p>\n<h1>\u00bfQuieres saber m\u00e1s?<\/h1>\n<ul>\n<li>Descargar la <a class=\"internal-link\" href=\"https:\/\/www.picmeta.com\/download.htm\">versi\u00f3n gratuita<\/a><\/li>\n<li><a class=\"internal-link\" href=\"https:\/\/www.picmeta.com\/download\/pie-history.htm\">Lista de cambios actualizada (ingl\u00e9s)<\/a><\/li>\n<\/ul>\n<p><\/p>","protected":false},"excerpt":{"rendered":"<p>Importar \u2013 Renombrar \u2013 Ver \u2013 Organizar \u2013 Etiquetar Comprender metadatos. Organizar fotos. Simplificar flujos de trabajo. Visualizaci\u00f3n y edici\u00f3n completa de metadatos EXIF, IPTC y XMP Potentes funciones por lotes para renombrar, editar e importar Navegador de im\u00e1genes r\u00e1pido con visor integrado para grandes colecciones &nbsp; La herramienta para metadatos y organizaci\u00f3n fotogr\u00e1fica PIE [&hellip;]<\/p>\n","protected":false},"author":1,"featured_media":79,"parent":119,"menu_order":0,"comment_status":"closed","ping_status":"closed","template":"","meta":{"_monsterinsights_skip_tracking":false,"_monsterinsights_sitenote_active":false,"_monsterinsights_sitenote_note":"","_monsterinsights_sitenote_category":0,"footnotes":""},"class_list":["post-21","page","type-page","status-publish","has-post-thumbnail","hentry"],"aioseo_notices":[],"_links":{"self":[{"href":"https:\/\/www.picmeta.com\/es\/wp-json\/wp\/v2\/pages\/21","targetHints":{"allow":["GET"]}}],"collection":[{"href":"https:\/\/www.picmeta.com\/es\/wp-json\/wp\/v2\/pages"}],"about":[{"href":"https:\/\/www.picmeta.com\/es\/wp-json\/wp\/v2\/types\/page"}],"author":[{"embeddable":true,"href":"https:\/\/www.picmeta.com\/es\/wp-json\/wp\/v2\/users\/1"}],"replies":[{"embeddable":true,"href":"https:\/\/www.picmeta.com\/es\/wp-json\/wp\/v2\/comments?post=21"}],"version-history":[{"count":44,"href":"https:\/\/www.picmeta.com\/es\/wp-json\/wp\/v2\/pages\/21\/revisions"}],"predecessor-version":[{"id":783,"href":"https:\/\/www.picmeta.com\/es\/wp-json\/wp\/v2\/pages\/21\/revisions\/783"}],"up":[{"embeddable":true,"href":"https:\/\/www.picmeta.com\/es\/wp-json\/wp\/v2\/pages\/119"}],"wp:featuredmedia":[{"embeddable":true,"href":"https:\/\/www.picmeta.com\/es\/wp-json\/wp\/v2\/media\/79"}],"wp:attachment":[{"href":"https:\/\/www.picmeta.com\/es\/wp-json\/wp\/v2\/media?parent=21"}],"curies":[{"name":"wp","href":"https:\/\/api.w.org\/{rel}","templated":true}]}}