{"id":210,"date":"2016-02-06T02:21:48","date_gmt":"2016-02-06T02:21:48","guid":{"rendered":"http:\/\/beta.picmeta.com\/?page_id=210"},"modified":"2025-12-17T18:09:59","modified_gmt":"2025-12-17T18:09:59","slug":"contact","status":"publish","type":"page","link":"https:\/\/www.picmeta.com\/es\/contact.htm","title":{"rendered":"Contactar Picmeta"},"content":{"rendered":"<p><\/p>\n<p>\u00bfYa se ha respondido tu pregunta? Por favor, consulta <a class=\"internal-link\" href=\"https:\/\/www.picmeta.com\/support\/frequently-asked-questions.htm\">aqu\u00ed<\/a> antes de contactarnos.<\/p>\n<p>&nbsp;<\/p>\n\n<div class=\"wpcf7 no-js\" id=\"wpcf7-f467-o3\" lang=\"es-ES\" dir=\"ltr\" data-wpcf7-id=\"467\">\n<div class=\"screen-reader-response\"><p role=\"status\" aria-live=\"polite\" aria-atomic=\"true\"><\/p> <ul><\/ul><\/div>\n<form action=\"\/es\/wp-json\/wp\/v2\/pages\/210#wpcf7-f467-o3\" method=\"post\" class=\"wpcf7-form init\" aria-label=\"Formulario de contacto\" novalidate=\"novalidate\" data-status=\"init\">\n<fieldset class=\"hidden-fields-container\"><input type=\"hidden\" name=\"_wpcf7\" value=\"467\" \/><input type=\"hidden\" name=\"_wpcf7_version\" value=\"6.1.5\" \/><input type=\"hidden\" name=\"_wpcf7_locale\" value=\"es_ES\" \/><input type=\"hidden\" name=\"_wpcf7_unit_tag\" value=\"wpcf7-f467-o3\" \/><input type=\"hidden\" name=\"_wpcf7_container_post\" value=\"0\" \/><input type=\"hidden\" name=\"_wpcf7_posted_data_hash\" value=\"\" \/>\n<\/fieldset>\n<p>Nombre (requerido)\n<\/p>\n<p><span class=\"wpcf7-form-control-wrap\" data-name=\"your-name\"><input size=\"40\" maxlength=\"400\" class=\"wpcf7-form-control wpcf7-text wpcf7-validates-as-required\" aria-required=\"true\" aria-invalid=\"false\" value=\"\" type=\"text\" name=\"your-name\" \/><\/span>\n<\/p>\n<p>Correo electr\u00f3nico (requerido)\n<\/p>\n<p><span class=\"wpcf7-form-control-wrap\" data-name=\"your-email\"><input size=\"40\" maxlength=\"400\" class=\"wpcf7-form-control wpcf7-email wpcf7-validates-as-required wpcf7-text wpcf7-validates-as-email\" aria-required=\"true\" aria-invalid=\"false\" value=\"\" type=\"email\" name=\"your-email\" \/><\/span>\n<\/p>\n<p>Asunto (requerido)\n<\/p>\n<p><span class=\"wpcf7-form-control-wrap\" data-name=\"your-subject\"><input size=\"40\" maxlength=\"400\" class=\"wpcf7-form-control wpcf7-text wpcf7-validates-as-required\" aria-required=\"true\" aria-invalid=\"false\" value=\"\" type=\"text\" name=\"your-subject\" \/><\/span>\n<\/p>\n<p>Mensaje (requerido)\n<\/p>\n<p><span class=\"wpcf7-form-control-wrap\" data-name=\"your-message\"><textarea cols=\"40\" rows=\"10\" maxlength=\"2000\" class=\"wpcf7-form-control wpcf7-textarea wpcf7-validates-as-required\" aria-required=\"true\" aria-invalid=\"false\" name=\"your-message\"><\/textarea><\/span>\n<\/p>\n<p><input class=\"wpcf7-form-control wpcf7-submit has-spinner\" type=\"submit\" value=\"Enviar\" \/>\n<\/p><div class=\"wpcf7-response-output\" aria-hidden=\"true\"><\/div>\n<\/form>\n<\/div>\n\n<p>&nbsp;<\/p>\n<h1>Email<\/h1>\n<p>Consultas generales, preguntas sobre los productos o sugerencias de nuevas funciones:<\/p>\n<p style=\"padding-left: 30px;\"><a class=\"mail\" href=\"mailto:info@picmeta.com\"><b>info@picmeta.com<\/b><\/a><\/p>\n<p>Preguntas sobre pedidos y licencias:<\/p>\n<p style=\"padding-left: 30px;\"><a class=\"mail\" href=\"mailto:order@picmeta.com\"><b>order@picmeta.com<\/b><\/a><\/p>\n<p>&nbsp;<\/p>\n<h1>S\u00edguenos<\/h1>\n<p>S\u00edguenos en Facebook:<\/p>\n<p><a href=\"https:\/\/www.facebook.com\/picmeta\"><img loading=\"lazy\" decoding=\"async\" class=\"alignnone size-full wp-image-460\" src=\"https:\/\/www.picmeta.com\/wp-content\/uploads\/facebook.png\" alt=\"facebook\" width=\"106\" height=\"31\" \/><\/a><\/p>\n<p>&nbsp;<\/p>\n<h1>Ap\u00f3yanos<\/h1>\n<p>Si valoras nuestro servicio y las actualizaciones gratuitas, puedes apoyarnos aqu\u00ed:<\/p>\n<p><a href=\"https:\/\/www.paypal.com\/cgi-bin\/webscr?cmd=_s-xclick&amp;hosted_button_id=1840375\"><img loading=\"lazy\" decoding=\"async\" class=\"alignnone wp-image-463 size-full\" src=\"https:\/\/www.picmeta.com\/wp-content\/uploads\/btn_donate_SM_es.gif\" alt=\"\" width=\"74\" height=\"21\" \/><\/a><\/p>","protected":false},"excerpt":{"rendered":"<p>\u00bfYa se ha respondido tu pregunta? Por favor, consulta aqu\u00ed antes de contactarnos. &nbsp; &nbsp; Email Consultas generales, preguntas sobre los productos o sugerencias de nuevas funciones: info@picmeta.com Preguntas sobre pedidos y licencias: order@picmeta.com &nbsp; S\u00edguenos S\u00edguenos en Facebook: &nbsp; Ap\u00f3yanos Si valoras nuestro servicio y las actualizaciones gratuitas, puedes apoyarnos aqu\u00ed:<\/p>\n","protected":false},"author":1,"featured_media":0,"parent":0,"menu_order":0,"comment_status":"closed","ping_status":"closed","template":"","meta":{"_monsterinsights_skip_tracking":false,"_monsterinsights_sitenote_active":false,"_monsterinsights_sitenote_note":"","_monsterinsights_sitenote_category":0,"footnotes":""},"class_list":["post-210","page","type-page","status-publish","hentry"],"aioseo_notices":[],"_links":{"self":[{"href":"https:\/\/www.picmeta.com\/es\/wp-json\/wp\/v2\/pages\/210","targetHints":{"allow":["GET"]}}],"collection":[{"href":"https:\/\/www.picmeta.com\/es\/wp-json\/wp\/v2\/pages"}],"about":[{"href":"https:\/\/www.picmeta.com\/es\/wp-json\/wp\/v2\/types\/page"}],"author":[{"embeddable":true,"href":"https:\/\/www.picmeta.com\/es\/wp-json\/wp\/v2\/users\/1"}],"replies":[{"embeddable":true,"href":"https:\/\/www.picmeta.com\/es\/wp-json\/wp\/v2\/comments?post=210"}],"version-history":[{"count":14,"href":"https:\/\/www.picmeta.com\/es\/wp-json\/wp\/v2\/pages\/210\/revisions"}],"predecessor-version":[{"id":804,"href":"https:\/\/www.picmeta.com\/es\/wp-json\/wp\/v2\/pages\/210\/revisions\/804"}],"wp:attachment":[{"href":"https:\/\/www.picmeta.com\/es\/wp-json\/wp\/v2\/media?parent=210"}],"curies":[{"name":"wp","href":"https:\/\/api.w.org\/{rel}","templated":true}]}}