{"id":25,"date":"2016-02-02T11:44:03","date_gmt":"2016-02-02T11:44:03","guid":{"rendered":"http:\/\/wp.picmeta.com\/?page_id=25"},"modified":"2025-12-17T17:14:57","modified_gmt":"2025-12-17T17:14:57","slug":"printstation","status":"publish","type":"page","link":"https:\/\/www.picmeta.com\/es\/products\/printstation.htm","title":{"rendered":"Printstation"},"content":{"rendered":"<p><i>Ver \u2013 Organizar \u2013 Imprimir \u2013 Documentar<\/i><\/p>\n<p><b>Imprimir muchas fotos \u2013 r\u00e1pido, claro y profesional<\/b><\/p>\n<p>&nbsp;<\/p>\n<p><b>Printstation<\/b> es una aplicaci\u00f3n profesional de catalogaci\u00f3n e impresi\u00f3n fotogr\u00e1fica para crear hojas de contacto, \u00e1lbumes impresos, p\u00e1ginas \u00edndice, collages, documentaci\u00f3n fotogr\u00e1fica, fotos de identificaci\u00f3n y mucho m\u00e1s. Con solo unos clics puedes imprimir <b>varias fotos por p\u00e1gina<\/b> incluyendo <b>t\u00edtulos y pies de foto generados autom\u00e1ticamente<\/b> con <b>funciones de macros<\/b>, sin necesidad de posicionar manualmente cada imagen.<\/p>\n<p>&nbsp;<\/p>\n<p><i>Printstation combina funciones que son \u00fanicas en esta forma:<\/i><\/p>\n<ul>\n<li><b>Modo de ahorro de papel<\/b> que calcula autom\u00e1ticamente el dise\u00f1o \u00f3ptimo para cualquier combinaci\u00f3n de tama\u00f1o de foto y papel, sin necesidad de plantillas.<\/li>\n<li><b>Dise\u00f1o de cuadr\u00edcula flexible<\/b> en el que las im\u00e1genes se organizan en filas y columnas, permitiendo ampliar o destacar im\u00e1genes individuales.<\/li>\n<li>Motor <b>PDF integrado<\/b> para obtener la m\u00e1xima calidad al crear \u00e1lbumes y documentaci\u00f3n en PDF.<\/li>\n<\/ul>\n<p>&nbsp;<\/p>\n<p>Una p\u00e1gina en Printstation se compone de columnas, filas y celdas. Solo defines el n\u00famero de columnas y filas, y el tama\u00f1o de las celdas se ajusta autom\u00e1ticamente. Las im\u00e1genes pueden ajustarse autom\u00e1ticamente o ampliarse horizontal o verticalmente a trav\u00e9s de varias celdas.<\/p>\n<p>Un algoritmo inteligente evita la aparici\u00f3n de espacios innecesarios. El resultado es un dise\u00f1o limpio y profesional, sin desperdiciar tiempo, papel ni costes de impresi\u00f3n.<\/p>\n<p>La impresi\u00f3n es solo una parte del flujo de trabajo. Otro paso importante y a menudo subestimado es la <b>selecci\u00f3n de im\u00e1genes<\/b>. Printstation facilita esta tarea con un c\u00f3modo <b>navegador de fotos<\/b> y un <b>visor de im\u00e1genes r\u00e1pido e integrado<\/b> que incluye <b>modo de presentaci\u00f3n<\/b>.<\/p>\n<p>Puedes seleccionar im\u00e1genes individuales con un clic o una tecla, o seleccionar carpetas completas de una sola vez. La selecci\u00f3n actual puede <b>guardarse<\/b> y <b>recuperarse<\/b> en cualquier momento.<\/p>\n<p>&nbsp;<\/p>\n<p class=\"bodytext\"><b><img loading=\"lazy\" decoding=\"async\" class=\"size-full wp-image-26 aligncenter\" src=\"https:\/\/www.picmeta.com\/wp-content\/uploads\/printstation-layout.png\" alt=\"printstation-layout\" width=\"539\" height=\"495\" srcset=\"https:\/\/www.picmeta.com\/wp-content\/uploads\/printstation-layout.png 539w, https:\/\/www.picmeta.com\/wp-content\/uploads\/printstation-layout-300x276.png 300w\" sizes=\"auto, (max-width: 539px) 100vw, 539px\" \/><\/b><\/p>\n<p>&nbsp;<\/p>\n<h1>Caracter\u00edsticas de Printstation<\/h1>\n<p>R\u00e1pido, claro y f\u00e1cil de usar:<\/p>\n<p><b>Impresi\u00f3n &amp; PDF<\/b><\/p>\n<ul>\n<li>Impresi\u00f3n de varias im\u00e1genes por p\u00e1gina en filas, columnas o formatos fotogr\u00e1ficos est\u00e1ndar<\/li>\n<li>Ampliar, girar, mover y duplicar im\u00e1genes individuales<\/li>\n<li>Ajuste autom\u00e1tico de tama\u00f1o y posici\u00f3n<\/li>\n<li>Modo de ahorro de papel para el m\u00e1ximo n\u00famero de im\u00e1genes por p\u00e1gina<\/li>\n<li>Creaci\u00f3n de \u00e1lbumes PDF y archivos de im\u00e1genes \u00edndice<\/li>\n<li>Vista previa WYSIWYG completa de todas las p\u00e1ginas a imprimir<\/li>\n<li>Opciones flexibles de rotulaci\u00f3n con t\u00edtulos y pies de foto definidos por el usuario<\/li>\n<li>Impresi\u00f3n directa desde c\u00e1maras mediante PTP (PictBridge), iPhone y iPad<\/li>\n<\/ul>\n<p><b>Organizaci\u00f3n<\/b><\/p>\n<ul>\n<li>Gestor de archivos con integraci\u00f3n del sistema<\/li>\n<li>Navegador de miniaturas con zoom en tiempo real<\/li>\n<li>Agrupaci\u00f3n por nombre, fecha, tipo o tama\u00f1o<\/li>\n<li>Vista previa de im\u00e1genes<\/li>\n<\/ul>\n<p><b>Visor de im\u00e1genes<\/b><\/p>\n<ul>\n<li>Visor de im\u00e1genes r\u00e1pido y c\u00f3modo<\/li>\n<li>Orientaci\u00f3n autom\u00e1tica basada en el sensor de orientaci\u00f3n de la c\u00e1mara<\/li>\n<li>Compatibilidad con gesti\u00f3n de color<\/li>\n<li>Compatibilidad con numerosos formatos de archivo, incluido DICOM (aplicaciones m\u00e9dicas)<\/li>\n<\/ul>\n<p>Para imprimir archivos RAW o crear dise\u00f1os con datos EXIF, consulta <a class=\"internal-link\" href=\"https:\/\/www.picmeta.com\/products\/pie-studio.htm\">PIE Studio<\/a>.<\/p>\n<p>&nbsp;<\/p>\n<h1>\u00bfQuieres saber m\u00e1s?<\/h1>\n<ul>\n<li>Descargar la <a class=\"internal-link\" href=\"https:\/\/www.picmeta.com\/download.htm\">versi\u00f3n de demostraci\u00f3n<\/a><\/li>\n<li>Lista de cambios <a class=\"internal-link\" href=\"https:\/\/www.picmeta.com\/download\/printstation-history.htm\">actualizada continuamente (ingl\u00e9s)<\/a><\/li>\n<\/ul>\n<p><\/p>","protected":false},"excerpt":{"rendered":"<p>Ver \u2013 Organizar \u2013 Imprimir \u2013 Documentar Imprimir muchas fotos \u2013 r\u00e1pido, claro y profesional &nbsp; Printstation es una aplicaci\u00f3n profesional de catalogaci\u00f3n e impresi\u00f3n fotogr\u00e1fica para crear hojas de contacto, \u00e1lbumes impresos, p\u00e1ginas \u00edndice, collages, documentaci\u00f3n fotogr\u00e1fica, fotos de identificaci\u00f3n y mucho m\u00e1s. Con solo unos clics puedes imprimir varias fotos por p\u00e1gina incluyendo [&hellip;]<\/p>\n","protected":false},"author":1,"featured_media":72,"parent":119,"menu_order":1,"comment_status":"closed","ping_status":"closed","template":"","meta":{"_monsterinsights_skip_tracking":false,"_monsterinsights_sitenote_active":false,"_monsterinsights_sitenote_note":"","_monsterinsights_sitenote_category":0,"footnotes":""},"class_list":["post-25","page","type-page","status-publish","has-post-thumbnail","hentry"],"aioseo_notices":[],"_links":{"self":[{"href":"https:\/\/www.picmeta.com\/es\/wp-json\/wp\/v2\/pages\/25","targetHints":{"allow":["GET"]}}],"collection":[{"href":"https:\/\/www.picmeta.com\/es\/wp-json\/wp\/v2\/pages"}],"about":[{"href":"https:\/\/www.picmeta.com\/es\/wp-json\/wp\/v2\/types\/page"}],"author":[{"embeddable":true,"href":"https:\/\/www.picmeta.com\/es\/wp-json\/wp\/v2\/users\/1"}],"replies":[{"embeddable":true,"href":"https:\/\/www.picmeta.com\/es\/wp-json\/wp\/v2\/comments?post=25"}],"version-history":[{"count":15,"href":"https:\/\/www.picmeta.com\/es\/wp-json\/wp\/v2\/pages\/25\/revisions"}],"predecessor-version":[{"id":786,"href":"https:\/\/www.picmeta.com\/es\/wp-json\/wp\/v2\/pages\/25\/revisions\/786"}],"up":[{"embeddable":true,"href":"https:\/\/www.picmeta.com\/es\/wp-json\/wp\/v2\/pages\/119"}],"wp:featuredmedia":[{"embeddable":true,"href":"https:\/\/www.picmeta.com\/es\/wp-json\/wp\/v2\/media\/72"}],"wp:attachment":[{"href":"https:\/\/www.picmeta.com\/es\/wp-json\/wp\/v2\/media?parent=25"}],"curies":[{"name":"wp","href":"https:\/\/api.w.org\/{rel}","templated":true}]}}