{"id":28,"date":"2016-02-02T11:45:02","date_gmt":"2016-02-02T11:45:02","guid":{"rendered":"http:\/\/wp.picmeta.com\/?page_id=28"},"modified":"2025-12-17T17:23:11","modified_gmt":"2025-12-17T17:23:11","slug":"pie-studio","status":"publish","type":"page","link":"https:\/\/www.picmeta.com\/es\/products\/pie-studio.htm","title":{"rendered":"PIE Studio"},"content":{"rendered":"<p><i>Importar \u2013 Renombrar \u2013 Ver \u2013 Organizar \u2013 Etiquetar \u2013 Imprimir \u2013 Documentar<\/i><\/p>\n<p><b>Soluci\u00f3n integrada para la gesti\u00f3n, el dise\u00f1o y la impresi\u00f3n de im\u00e1genes<\/b><\/p>\n<p>&nbsp;<\/p>\n<p><b>PIE Studio<\/b> combina las potentes funciones de metadatos y gesti\u00f3n de <a class=\"internal-link\" href=\"https:\/\/www.picmeta.com\/products\/picture-information-extractor.htm\">Picture Information Extractor<\/a> con las avanzadas capacidades de impresi\u00f3n y dise\u00f1o de <a class=\"internal-link\" href=\"https:\/\/www.picmeta.com\/products\/printstation.htm\">Printstation<\/a>. El resultado es un flujo de trabajo profesional y continuo para im\u00e1genes, que abarca desde el an\u00e1lisis y la organizaci\u00f3n hasta la salida final en una sola aplicaci\u00f3n.<\/p>\n<p>&nbsp;<\/p>\n<p><img loading=\"lazy\" decoding=\"async\" class=\"aligncenter wp-image-410 size-full\" title=\"Ventana principal de PIE Studio\" src=\"https:\/\/www.picmeta.com\/wp-content\/uploads\/piestudio-main.png\" alt=\"piestudio-main\" width=\"600\" height=\"438\" \/><\/p>\n<p class=\"bodytext\">La ventana principal de <b>PIE Studio<\/b> muestra toda la informaci\u00f3n fotogr\u00e1fica relevante junto con una vista previa de la imagen. Desde aqu\u00ed puedes gestionar archivos, importarlos desde tarjetas de memoria, renombrarlos autom\u00e1ticamente, rotar im\u00e1genes sin p\u00e9rdida y seleccionar fotos espec\u00edficamente para impresi\u00f3n o creaci\u00f3n de PDF.<\/p>\n<p>&nbsp;<\/p>\n<p class=\"bodytext\"><img loading=\"lazy\" decoding=\"async\" class=\"aligncenter wp-image-409 size-full\" title=\"Vista previa de dise\u00f1o\" src=\"https:\/\/www.picmeta.com\/wp-content\/uploads\/piestudio-layout.png\" alt=\"piestudio-layout\" width=\"428\" height=\"363\" srcset=\"https:\/\/www.picmeta.com\/wp-content\/uploads\/piestudio-layout.png 428w, https:\/\/www.picmeta.com\/wp-content\/uploads\/piestudio-layout-300x254.png 300w\" sizes=\"auto, (max-width: 428px) 100vw, 428px\" \/><\/p>\n<p class=\"bodytext\">La vista previa de dise\u00f1o se utiliza para definir los dise\u00f1os de p\u00e1gina para impresi\u00f3n o generaci\u00f3n de PDF. Las fotos pueden etiquetarse autom\u00e1ticamente con metadatos. Las etiquetas pueden colocarse encima, debajo o directamente sobre las im\u00e1genes, utilizando tipograf\u00eda, tama\u00f1o y color configurables.<\/p>\n<p>&nbsp;<\/p>\n<p class=\"bodytext\"><a href=\"https:\/\/www.picmeta.com\/wp-content\/uploads\/piestudio-macro.png\" target=\"_blank\" rel=\"attachment wp-att-408 noopener\"><img loading=\"lazy\" decoding=\"async\" class=\"alignleft wp-image-408 size-medium\" title=\"Insertar macros de metadatos\" src=\"https:\/\/www.picmeta.com\/wp-content\/uploads\/piestudio-macro-300x272.png\" alt=\"piestudio-macro\" width=\"188\" height=\"171\" srcset=\"https:\/\/www.picmeta.com\/wp-content\/uploads\/piestudio-macro-300x272.png 300w, https:\/\/www.picmeta.com\/wp-content\/uploads\/piestudio-macro.png 377w\" sizes=\"auto, (max-width: 188px) 100vw, 188px\" \/><\/a>A diferencia de Printstation, PIE Studio tambi\u00e9n ofrece <b>macros basados en EXIF<\/b>, como fecha de captura, informaci\u00f3n de c\u00e1mara y objetivo, as\u00ed como una amplia selecci\u00f3n de <b>etiquetas IPTC<\/b>. Esto permite anotar autom\u00e1ticamente impresiones y PDFs con informaci\u00f3n t\u00e9cnica y descriptiva de las im\u00e1genes.<\/p>\n<p>&nbsp;<\/p>\n<h1><\/h1>\n<h1><\/h1>\n<h1>Caracter\u00edsticas de PIE Studio<\/h1>\n<p>Todas las funciones de <b>PIE<\/b> y <b>Printstation<\/b> combinadas en una sola aplicaci\u00f3n:<\/p>\n<p><b>Metadatos<\/b><\/p>\n<ul>\n<li>Extracci\u00f3n y visualizaci\u00f3n de metadatos EXIF, XMP e IPTC, incluidos metadatos definidos por el usuario (\u201cMis etiquetas\u201d)<\/li>\n<li>Amplia base de datos EXIF y Makernote compatible con pr\u00e1cticamente todas las c\u00e1maras digitales<\/li>\n<li>Interfaz con ExifTool con procesamiento multin\u00facleo optimizado para un rendimiento m\u00e1ximo<\/li>\n<li>Edici\u00f3n de etiquetas EXIF e IPTC en formatos JPG, TIFF y RAW, tanto individualmente como por lotes<\/li>\n<li>Plantillas de metadatos disponibles directamente en los di\u00e1logos de edici\u00f3n<\/li>\n<li>Listas jer\u00e1rquicas de palabras clave y categor\u00edas<\/li>\n<li>Geolocalizaci\u00f3n de fotos con mapa interactivo<\/li>\n<li>Modificar o a\u00f1adir fecha y hora EXIF en archivos JPG, TIFF y RAW<\/li>\n<li>Ajustar las marcas de tiempo de los archivos a la hora de captura<\/li>\n<li>Eliminar, respaldar y restaurar metadatos EXIF, IPTC y XMP<\/li>\n<li>Exportar listas de archivos con metadatos<\/li>\n<\/ul>\n<p><b>Impresi\u00f3n &amp; PDF<\/b><\/p>\n<ul>\n<li>Impresi\u00f3n de varias im\u00e1genes por p\u00e1gina en filas, columnas o formatos fotogr\u00e1ficos est\u00e1ndar<\/li>\n<li>Ampliar, girar, mover y duplicar im\u00e1genes individuales<\/li>\n<li>Ajuste autom\u00e1tico de tama\u00f1o y posici\u00f3n<\/li>\n<li>Modo de ahorro de papel para el m\u00e1ximo n\u00famero de im\u00e1genes por p\u00e1gina<\/li>\n<li>Creaci\u00f3n de \u00e1lbumes PDF y archivos de im\u00e1genes \u00edndice<\/li>\n<li>Vista previa WYSIWYG completa de todas las p\u00e1ginas a imprimir<\/li>\n<li>Opciones flexibles de rotulaci\u00f3n con t\u00edtulos y pies de foto definidos por el usuario<\/li>\n<li>Rotulaci\u00f3n mediante nombres de archivo, fecha y hora de captura y metadatos fotogr\u00e1ficos<\/li>\n<li>Impresi\u00f3n de fotos junto con coordenadas GPS<\/li>\n<li>Creaci\u00f3n de hojas de contacto y \u00e1lbumes directamente a partir de archivos RAW<\/li>\n<\/ul>\n<p><b>Organizaci\u00f3n<\/b><\/p>\n<ul>\n<li>Gestor de archivos con integraci\u00f3n del sistema<\/li>\n<li>\u00c1rbol de carpetas y favoritos para acceso r\u00e1pido<\/li>\n<li>Navegador de miniaturas con zoom en tiempo real<\/li>\n<li>Vista previa de im\u00e1genes<\/li>\n<li>Ordenar por nombre, hora de captura, velocidad de obturaci\u00f3n, apertura, distancia focal y m\u00e1s<\/li>\n<li>Agrupar por fecha, tipo, c\u00e1mara, objetivo, valoraci\u00f3n, autor y otros criterios<\/li>\n<li>B\u00fasqueda de archivos mediante metadatos<\/li>\n<li>Renombrado autom\u00e1tico de archivos de imagen<\/li>\n<li>Compatibilidad con archivos asociados (.thm, .xmp, .wav)<\/li>\n<li>Acceso directo a funciones de procesamiento por lotes desde el navegador<\/li>\n<li>Importaci\u00f3n automatizada desde tarjetas de memoria con estructuras de carpetas definibles y compatibilidad con dispositivos PTP\/MTP, iPhone y iPad<\/li>\n<li>Eliminaci\u00f3n con un clic de pares RAW+JPG en diferentes carpetas<\/li>\n<\/ul>\n<p><b>Procesamiento de im\u00e1genes<\/b><\/p>\n<ul>\n<li>Rotaci\u00f3n JPG sin p\u00e9rdida<\/li>\n<li>Recorte JPG sin p\u00e9rdida, incluido el modo por lotes<\/li>\n<li>Rotaci\u00f3n de archivos RAW<\/li>\n<li>Redimensionar im\u00e1genes conservando todos los metadatos<\/li>\n<li>Sellos de fecha en fotograf\u00edas<\/li>\n<li>Compatibilidad completa con procesamiento por lotes<\/li>\n<\/ul>\n<p><b>Visor de im\u00e1genes<\/b><\/p>\n<ul>\n<li>Visor de im\u00e1genes r\u00e1pido y c\u00f3modo<\/li>\n<li>Orientaci\u00f3n autom\u00e1tica basada en el sensor de orientaci\u00f3n de la c\u00e1mara<\/li>\n<li>Compatibilidad con gesti\u00f3n de color<\/li>\n<li>Compatibilidad con numerosos formatos de archivo, incluidos DICOM (aplicaciones m\u00e9dicas) y RAW de casi todas las c\u00e1maras digitales<\/li>\n<\/ul>\n<p>&nbsp;<\/p>\n<h1>Formatos RAW compatibles<\/h1>\n<p class=\"qtranxs-available-languages-message qtranxs-available-languages-message-es\"> <\/p><p><\/p>\n<ul>\n<li>Sony .ARW .SR2<\/li>\n<li>Canon .CRW .CR2, .CR3, CHDK<\/li>\n<li>Adobe Digital Negative .DNG<\/li>\n<li>Epson .ERF<\/li>\n<li>Kodak .DCR .KDC<\/li>\n<li>Mamiya .MEF<\/li>\n<li>Minolta .MRW<\/li>\n<li>Nikon .NEF<\/li>\n<li>Olympus .ORF<\/li>\n<li>Pentax .PEF<\/li>\n<li>Panasonic .RW2<\/li>\n<li>Fuji .RAF<\/li>\n<li>Leica .RWL<\/li>\n<li>Generic .RAW<\/li>\n<\/ul>\n<p><\/p>\n<p>&nbsp;<\/p>\n<h1>\u00bfQuieres saber m\u00e1s?<\/h1>\n<ul>\n<li>Lista de cambios <a class=\"internal-link\" href=\"https:\/\/www.picmeta.com\/download\/pie-studio-history.htm\">actualizada continuamente (ingl\u00e9s)<\/a><\/li>\n<\/ul>\n<p>Para probar <b>PIE Studio<\/b>, descarga e instala <a class=\"internal-link\" href=\"https:\/\/www.picmeta.com\/download.htm\">PIE y Printstation<\/a> por separado. La versi\u00f3n completa de <b>PIE Studio<\/b> est\u00e1 disponible mediante la compra de una <a class=\"internal-link\" href=\"https:\/\/www.picmeta.com\/purchase.htm\">licencia<\/a>.<\/p>","protected":false},"excerpt":{"rendered":"<p>Importar \u2013 Renombrar \u2013 Ver \u2013 Organizar \u2013 Etiquetar \u2013 Imprimir \u2013 Documentar Soluci\u00f3n integrada para la gesti\u00f3n, el dise\u00f1o y la impresi\u00f3n de im\u00e1genes &nbsp; PIE Studio combina las potentes funciones de metadatos y gesti\u00f3n de Picture Information Extractor con las avanzadas capacidades de impresi\u00f3n y dise\u00f1o de Printstation. El resultado es un flujo [&hellip;]<\/p>\n","protected":false},"author":1,"featured_media":71,"parent":119,"menu_order":2,"comment_status":"closed","ping_status":"closed","template":"","meta":{"_monsterinsights_skip_tracking":false,"_monsterinsights_sitenote_active":false,"_monsterinsights_sitenote_note":"","_monsterinsights_sitenote_category":0,"footnotes":""},"class_list":["post-28","page","type-page","status-publish","has-post-thumbnail","hentry"],"aioseo_notices":[],"_links":{"self":[{"href":"https:\/\/www.picmeta.com\/es\/wp-json\/wp\/v2\/pages\/28","targetHints":{"allow":["GET"]}}],"collection":[{"href":"https:\/\/www.picmeta.com\/es\/wp-json\/wp\/v2\/pages"}],"about":[{"href":"https:\/\/www.picmeta.com\/es\/wp-json\/wp\/v2\/types\/page"}],"author":[{"embeddable":true,"href":"https:\/\/www.picmeta.com\/es\/wp-json\/wp\/v2\/users\/1"}],"replies":[{"embeddable":true,"href":"https:\/\/www.picmeta.com\/es\/wp-json\/wp\/v2\/comments?post=28"}],"version-history":[{"count":27,"href":"https:\/\/www.picmeta.com\/es\/wp-json\/wp\/v2\/pages\/28\/revisions"}],"predecessor-version":[{"id":789,"href":"https:\/\/www.picmeta.com\/es\/wp-json\/wp\/v2\/pages\/28\/revisions\/789"}],"up":[{"embeddable":true,"href":"https:\/\/www.picmeta.com\/es\/wp-json\/wp\/v2\/pages\/119"}],"wp:featuredmedia":[{"embeddable":true,"href":"https:\/\/www.picmeta.com\/es\/wp-json\/wp\/v2\/media\/71"}],"wp:attachment":[{"href":"https:\/\/www.picmeta.com\/es\/wp-json\/wp\/v2\/media?parent=28"}],"curies":[{"name":"wp","href":"https:\/\/api.w.org\/{rel}","templated":true}]}}