{"id":727,"date":"2024-02-28T13:42:03","date_gmt":"2024-02-28T13:42:03","guid":{"rendered":"https:\/\/www.picmeta.com\/?page_id=727"},"modified":"2024-02-28T13:42:03","modified_gmt":"2024-02-28T13:42:03","slug":"what-is-exif-data","status":"publish","type":"page","link":"https:\/\/www.picmeta.com\/es\/metadata\/what-is-exif-data.htm","title":{"rendered":"\u00bfQu\u00e9 son los datos EXIF?"},"content":{"rendered":"<p>Los datos EXIF (Exchangeable Image File Format) se refieren a metadatos almacenados dentro de archivos de im\u00e1genes digitales. Estos metadatos contienen informaci\u00f3n sobre varios aspectos de la imagen, incluyendo:<\/p>\n<ul>\n<li>Modelo de c\u00e1mara: Los datos EXIF incluyen detalles sobre la c\u00e1mara utilizada para capturar la imagen, como el fabricante y el modelo.<\/li>\n<li>Fecha y hora de captura: La fecha y hora en que se captur\u00f3 la imagen se registran en los datos EXIF.<\/li>\n<li>Informaci\u00f3n de exposici\u00f3n: Esto incluye datos como tiempo de exposici\u00f3n, apertura, sensibilidad ISO y compensaci\u00f3n de exposici\u00f3n utilizados durante la captura de la imagen.<\/li>\n<li>Informaci\u00f3n GPS: Si est\u00e1 disponible, los datos EXIF pueden contener coordenadas geogr\u00e1ficas que indican la ubicaci\u00f3n donde se captur\u00f3 la imagen.<\/li>\n<li>Ajustes de c\u00e1mara: La informaci\u00f3n sobre ajustes de c\u00e1mara como el balance de blancos, el modo de enfoque, el uso del flash y la compresi\u00f3n de imagen tambi\u00e9n pueden estar incluidos en los datos EXIF.<\/li>\n<\/ul>\n<p>Los datos EXIF son valiosos para los fot\u00f3grafos ya que les ayuda a recordar los ajustes de captura y comprender el contexto que rodea una imagen. El software de gesti\u00f3n de fotos y los programas de edici\u00f3n de im\u00e1genes pueden acceder a los datos EXIF para mostrarlos o modificarlos. Es importante tener en cuenta que no todas las im\u00e1genes contienen datos EXIF, ya que pueden haber sido eliminados o alterados, especialmente cuando se comparten o editan im\u00e1genes en l\u00ednea.<\/p>","protected":false},"excerpt":{"rendered":"<p>Los datos EXIF (Exchangeable Image File Format) se refieren a metadatos almacenados dentro de archivos de im\u00e1genes digitales. Estos metadatos contienen informaci\u00f3n sobre varios aspectos de la imagen, incluyendo: Modelo de c\u00e1mara: Los datos EXIF incluyen detalles sobre la c\u00e1mara utilizada para capturar la imagen, como el fabricante y el modelo. Fecha y hora de [&hellip;]<\/p>\n","protected":false},"author":1,"featured_media":0,"parent":216,"menu_order":0,"comment_status":"closed","ping_status":"closed","template":"","meta":{"_monsterinsights_skip_tracking":false,"_monsterinsights_sitenote_active":false,"_monsterinsights_sitenote_note":"","_monsterinsights_sitenote_category":0,"footnotes":""},"class_list":["post-727","page","type-page","status-publish","hentry"],"aioseo_notices":[],"_links":{"self":[{"href":"https:\/\/www.picmeta.com\/es\/wp-json\/wp\/v2\/pages\/727","targetHints":{"allow":["GET"]}}],"collection":[{"href":"https:\/\/www.picmeta.com\/es\/wp-json\/wp\/v2\/pages"}],"about":[{"href":"https:\/\/www.picmeta.com\/es\/wp-json\/wp\/v2\/types\/page"}],"author":[{"embeddable":true,"href":"https:\/\/www.picmeta.com\/es\/wp-json\/wp\/v2\/users\/1"}],"replies":[{"embeddable":true,"href":"https:\/\/www.picmeta.com\/es\/wp-json\/wp\/v2\/comments?post=727"}],"version-history":[{"count":1,"href":"https:\/\/www.picmeta.com\/es\/wp-json\/wp\/v2\/pages\/727\/revisions"}],"predecessor-version":[{"id":728,"href":"https:\/\/www.picmeta.com\/es\/wp-json\/wp\/v2\/pages\/727\/revisions\/728"}],"up":[{"embeddable":true,"href":"https:\/\/www.picmeta.com\/es\/wp-json\/wp\/v2\/pages\/216"}],"wp:attachment":[{"href":"https:\/\/www.picmeta.com\/es\/wp-json\/wp\/v2\/media?parent=727"}],"curies":[{"name":"wp","href":"https:\/\/api.w.org\/{rel}","templated":true}]}}