{"id":87,"date":"2016-02-03T15:03:16","date_gmt":"2016-02-03T15:03:16","guid":{"rendered":"http:\/\/wp.picmeta.com\/?page_id=87"},"modified":"2022-05-12T13:53:44","modified_gmt":"2022-05-12T13:53:44","slug":"download","status":"publish","type":"page","link":"https:\/\/www.picmeta.com\/es\/download.htm","title":{"rendered":"Descargas gratuitas"},"content":{"rendered":"<p><\/p>\n<h4>Picture Information Extractor<\/h4>\n<table  class=\"htmlarea-showtableborders mceItemTable table table-hover\"  border=\"0\" width=\"500\">\n<tbody>\n<tr>\n<td width=\"50\"><a href=\"https:\/\/www.picmeta.com\/download\/PIEFreeSetup.exe\" target=\"_top\" data-htmlarea-external=\"1\" rel=\"noopener noreferrer\"><img loading=\"lazy\" decoding=\"async\" class=\"alignnone size-full wp-image-433\" src=\"https:\/\/www.picmeta.com\/wp-content\/uploads\/download.png\" alt=\"download\" width=\"32\" height=\"32\" \/><\/a><\/td>\n<td><a href=\"https:\/\/www.picmeta.com\/download\/PIEFreeSetup.exe\" target=\"_top\" data-htmlarea-external=\"1\" rel=\"noopener noreferrer\">Descargar PIE Free*<\/a><br \/>\n14.2 MB, Windows 7\/8\/10\/11 (32\/64bit)<br \/>\n(Ingl\u00e9s, Alem\u00e1n, Espa\u00f1ol, Franc\u00e9s)<br \/>\n<i>*La versi\u00f3n gratis no guarda cambios de metadatos<\/i><br style=\"margin-bottom: 0px;\" \/><a href=\"https:\/\/www.picmeta.com\/download\/eula-pie.htm\"><small>EULA<\/small><\/a><\/td>\n<td><img loading=\"lazy\" decoding=\"async\" class=\"alignnone size-full wp-image-49\" src=\"https:\/\/www.picmeta.com\/wp-content\/uploads\/FreeVersion.png\" alt=\"FreeVersion\" width=\"98\" height=\"58\" \/><\/td>\n<\/tr>\n<\/tbody>\n<\/table>\n<p>&nbsp;<\/p>\n<h4>Printstation<\/h4>\n<table  class=\"htmlarea-showtableborders mceItemTable table table-hover\"  border=\"0\" width=\"450\">\n<tbody>\n<tr>\n<td width=\"50\"><a href=\"https:\/\/www.picmeta.com\/download\/PrintStationDemoSetup.exe\" target=\"_top\" data-htmlarea-external=\"1\" rel=\"noopener noreferrer\"><img loading=\"lazy\" decoding=\"async\" class=\"alignnone size-full wp-image-433\" src=\"https:\/\/www.picmeta.com\/wp-content\/uploads\/download.png\" alt=\"download\" width=\"32\" height=\"32\" \/><\/a><\/td>\n<td><a href=\"https:\/\/www.picmeta.com\/download\/PrintstationDemoSetup.exe\" data-htmlarea-external=\"1\">Descargar Printstation Demo<\/a><br \/>\n7.3 MB, Windows 7\/8\/10\/11 (32\/64bit)<br \/>\n(Ingl\u00e9s, Alem\u00e1n, Espa\u00f1ol, Franc\u00e9s)<br style=\"margin-bottom: 0px;\" \/><a href=\"https:\/\/www.picmeta.com\/download\/eula-printstation.htm\"><small>EULA<\/small><\/a><\/td>\n<\/tr>\n<\/tbody>\n<\/table>\n<p>&nbsp;<\/p>\n<h4>Picmeta PhotoTracker<\/h4>\n<table  class=\"htmlarea-showtableborders mceItemTable table table-hover\"  border=\"0\" width=\"450\">\n<tbody>\n<tr>\n<td width=\"50\"><a href=\"https:\/\/www.picmeta.com\/download\/PhotoTrackerSetup.exe\" target=\"_top\" data-htmlarea-external=\"1\" rel=\"noopener noreferrer\"><img loading=\"lazy\" decoding=\"async\" class=\"alignnone size-full wp-image-433\" src=\"https:\/\/www.picmeta.com\/wp-content\/uploads\/download.png\" alt=\"download\" width=\"32\" height=\"32\" \/><\/a><\/td>\n<td><a href=\"https:\/\/www.picmeta.com\/download\/PhotoTrackerSetup.exe\" target=\"_top\" data-htmlarea-external=\"1\" rel=\"noopener noreferrer\">Descargar Picmeta PhotoTracker<\/a><br \/>\n11.1 MB, Windows 7\/8\/10\/11 (32\/64bit)<br \/>\n(Ingl\u00e9s)<br style=\"margin-bottom: 0px;\" \/><a href=\"https:\/\/www.picmeta.com\/download\/eula-phototracker.htm\"><small>EULA<\/small><\/a><\/td>\n<\/tr>\n<\/tbody>\n<\/table>\n<p><\/p>","protected":false},"excerpt":{"rendered":"<p>Picture Information Extractor Descargar PIE Free* 14.2 MB, Windows 7\/8\/10\/11 (32\/64bit) (Ingl\u00e9s, Alem\u00e1n, Espa\u00f1ol, Franc\u00e9s) *La versi\u00f3n gratis no guarda cambios de metadatosEULA &nbsp; Printstation Descargar Printstation Demo 7.3 MB, Windows 7\/8\/10\/11 (32\/64bit) (Ingl\u00e9s, Alem\u00e1n, Espa\u00f1ol, Franc\u00e9s)EULA &nbsp; Picmeta PhotoTracker Descargar Picmeta PhotoTracker 11.1 MB, Windows 7\/8\/10\/11 (32\/64bit) (Ingl\u00e9s)EULA<\/p>\n","protected":false},"author":1,"featured_media":0,"parent":0,"menu_order":0,"comment_status":"closed","ping_status":"closed","template":"","meta":{"_monsterinsights_skip_tracking":false,"_monsterinsights_sitenote_active":false,"_monsterinsights_sitenote_note":"","_monsterinsights_sitenote_category":0,"footnotes":""},"class_list":["post-87","page","type-page","status-publish","hentry"],"aioseo_notices":[],"_links":{"self":[{"href":"https:\/\/www.picmeta.com\/es\/wp-json\/wp\/v2\/pages\/87","targetHints":{"allow":["GET"]}}],"collection":[{"href":"https:\/\/www.picmeta.com\/es\/wp-json\/wp\/v2\/pages"}],"about":[{"href":"https:\/\/www.picmeta.com\/es\/wp-json\/wp\/v2\/types\/page"}],"author":[{"embeddable":true,"href":"https:\/\/www.picmeta.com\/es\/wp-json\/wp\/v2\/users\/1"}],"replies":[{"embeddable":true,"href":"https:\/\/www.picmeta.com\/es\/wp-json\/wp\/v2\/comments?post=87"}],"version-history":[{"count":20,"href":"https:\/\/www.picmeta.com\/es\/wp-json\/wp\/v2\/pages\/87\/revisions"}],"predecessor-version":[{"id":710,"href":"https:\/\/www.picmeta.com\/es\/wp-json\/wp\/v2\/pages\/87\/revisions\/710"}],"wp:attachment":[{"href":"https:\/\/www.picmeta.com\/es\/wp-json\/wp\/v2\/media?parent=87"}],"curies":[{"name":"wp","href":"https:\/\/api.w.org\/{rel}","templated":true}]}}