{"id":89,"date":"2016-02-03T15:04:18","date_gmt":"2016-02-03T15:04:18","guid":{"rendered":"http:\/\/wp.picmeta.com\/?page_id=89"},"modified":"2025-12-17T18:00:36","modified_gmt":"2025-12-17T18:00:36","slug":"purchase","status":"publish","type":"page","link":"https:\/\/www.picmeta.com\/es\/purchase.htm","title":{"rendered":"Comprar Licencias de Software"},"content":{"rendered":"<p>Al comprar uno o varios de nuestros productos, recibes la versi\u00f3n completa y te conviertes en usuario registrado. Los usuarios registrados obtienen todas las actualizaciones a la versi\u00f3n m\u00e1s reciente de forma gratuita y sin l\u00edmite de tiempo. El registro tambi\u00e9n incluye soporte gratuito.<br \/>\n<img loading=\"lazy\" decoding=\"async\" class=\"size-full wp-image-443 alignright\" src=\"https:\/\/www.picmeta.com\/wp-content\/uploads\/creditcards.png\" alt=\"creditcards\" width=\"176\" height=\"19\" \/><\/p>\n<p>&nbsp;<\/p>\n<p><b>Licencias de usuario \u00fanico<\/b><\/p>\n<table  class=\"htmlarea-showtableborders table table-hover\"  style=\"padding: 15px 30px;\" border=\"0\">\n<tbody>\n<tr>\n<td style=\"vertical-align:middle\">PIE<\/td>\n<td><a class=\"btn btn-link btn-sm\" href=\"#\" onclick=\"Paddle.Checkout.open({ items: [{ priceId: 'pri_01jkbjxasfrs05eerp7k49sp8s', quantity: 1 }] }); return false;\">US$ 29<\/a><\/td>\n<td><a class=\"btn btn-success btn-sm\" href=\"#\" onclick=\"Paddle.Checkout.open({ items: [{ priceId: 'pri_01jkbjxasfrs05eerp7k49sp8s', quantity: 1 }] }); return false;\">Comprar ahora<\/a><\/td>\n<\/tr>\n<tr>\n<td style=\"vertical-align: middle;\">Printstation<\/td>\n<td><a class=\"btn btn-link btn-sm\" href=\"#\" onclick=\"Paddle.Checkout.open({ items: [{ priceId: 'pri_01jkbk0jes7rq7yghsm4a9bwpe', quantity: 1 }] }); return false;\">US$ 29<\/a><\/td>\n<td><a class=\"btn btn-success btn-sm\" href=\"#\" onclick=\"Paddle.Checkout.open({ items: [{ priceId: 'pri_01jkbk0jes7rq7yghsm4a9bwpe', quantity: 1 }] }); return false;\">Comprar ahora<\/a><\/td>\n<\/tr>\n<tr>\n<td style=\"vertical-align: middle;\">PIE Studio<\/td>\n<td><a class=\"btn btn-link btn-sm\" href=\"#\" onclick=\"Paddle.Checkout.open({ items: [{ priceId: 'pri_01jkbk3n73b687ext7ytf26pf4', quantity: 1 }] }); return false;\">US$ 39<\/a><\/td>\n<td><a class=\"btn btn-success btn-sm\" href=\"#\" onclick=\"Paddle.Checkout.open({ items: [{ priceId: 'pri_01jkbk3n73b687ext7ytf26pf4', quantity: 1 }] }); return false;\">Comprar ahora<\/a><\/td>\n<\/tr>\n<\/tbody>\n<\/table>\n<p><b>Licencias multiusuario<\/b><\/p>\n<table  class=\"htmlarea-showtableborders table table-hover\"  style=\"padding: 15px 30px;\" border=\"0\">\n<tbody>\n<tr style=\"pointer-events: none\">\n<td><\/td>\n<td style=\"text-align: center\">5 usuarios<\/td>\n<td style=\"text-align: center\">10 usuarios<\/td>\n<\/tr>\n<tr>\n<td style=\"vertical-align: middle;\">PIE<\/td>\n<td style=\"text-align: center;\"><a class=\"btn btn-link btn-sm\" href=\"#\" onclick=\"Paddle.Checkout.open({ items: [{ priceId: 'pri_01jn3zww4ejhw67h87w30xgxss', quantity: 1 }] }); return false;\">US$ 89<\/a><\/td>\n<td style=\"text-align: center;\"><a class=\"btn btn-link btn-sm\" href=\"#\" onclick=\"Paddle.Checkout.open({ items: [{ priceId: 'pri_01jn400vyrynww33waak73pe3b', quantity: 1 }] }); return false;\">US$ 149<\/a><\/td>\n<\/tr>\n<tr>\n<td style=\"vertical-align: middle;\">Printstation<\/td>\n<td style=\"text-align: center;\"><a class=\"btn btn-link btn-sm\" href=\"#\" onclick=\"Paddle.Checkout.open({ items: [{ priceId: 'pri_01jn403pd891rfrngagyhrf9kp', quantity: 1 }] }); return false;\">US$ 99<\/a><\/td>\n<td style=\"text-align: center;\"><a class=\"btn btn-link btn-sm\" href=\"#\" onclick=\"Paddle.Checkout.open({ items: [{ priceId: 'pri_01jn404mfytj43v7h73zad2gwc', quantity: 1 }] }); return false;\">US$ 179<\/a><\/td>\n<\/tr>\n<tr>\n<td style=\"vertical-align: middle;\">PIE Studio<\/td>\n<td style=\"text-align: center;\"><a class=\"btn btn-link btn-sm\" href=\"#\" onclick=\"Paddle.Checkout.open({ items: [{ priceId: 'pri_01jn40610spftzsv86r3chd546', quantity: 1 }] }); return false;\">US$ 139<\/a><\/td>\n<td style=\"text-align: center;\"><a class=\"btn btn-link btn-sm\" href=\"#\" onclick=\"Paddle.Checkout.open({ items: [{ priceId: 'pri_01jn406xkkhgsmsbav73fpr1ww', quantity: 1 }] }); return false;\">US$ 239<\/a><\/td>\n<\/tr>\n<\/tbody>\n<\/table>\n<p>Despu\u00e9s del pago recibir\u00e1s las instrucciones de descarga y tu c\u00f3digo personal de registro <b>de inmediato por correo electr\u00f3nico<\/b>. Si tienes preguntas sobre licencias o el proceso de compra, por favor <a class=\"internal-link\" href=\"https:\/\/www.picmeta.com\/contact.htm\">cont\u00e1ctanos<\/a>.<\/p>","protected":false},"excerpt":{"rendered":"<p>Al comprar uno o varios de nuestros productos, recibes la versi\u00f3n completa y te conviertes en usuario registrado. Los usuarios registrados obtienen todas las actualizaciones a la versi\u00f3n m\u00e1s reciente de forma gratuita y sin l\u00edmite de tiempo. El registro tambi\u00e9n incluye soporte gratuito. &nbsp; Licencias de usuario \u00fanico PIE US$ 29 Comprar ahora Printstation [&hellip;]<\/p>\n","protected":false},"author":1,"featured_media":448,"parent":0,"menu_order":0,"comment_status":"closed","ping_status":"closed","template":"","meta":{"_monsterinsights_skip_tracking":false,"_monsterinsights_sitenote_active":false,"_monsterinsights_sitenote_note":"","_monsterinsights_sitenote_category":0,"footnotes":""},"class_list":["post-89","page","type-page","status-publish","has-post-thumbnail","hentry"],"aioseo_notices":[],"_links":{"self":[{"href":"https:\/\/www.picmeta.com\/es\/wp-json\/wp\/v2\/pages\/89","targetHints":{"allow":["GET"]}}],"collection":[{"href":"https:\/\/www.picmeta.com\/es\/wp-json\/wp\/v2\/pages"}],"about":[{"href":"https:\/\/www.picmeta.com\/es\/wp-json\/wp\/v2\/types\/page"}],"author":[{"embeddable":true,"href":"https:\/\/www.picmeta.com\/es\/wp-json\/wp\/v2\/users\/1"}],"replies":[{"embeddable":true,"href":"https:\/\/www.picmeta.com\/es\/wp-json\/wp\/v2\/comments?post=89"}],"version-history":[{"count":98,"href":"https:\/\/www.picmeta.com\/es\/wp-json\/wp\/v2\/pages\/89\/revisions"}],"predecessor-version":[{"id":800,"href":"https:\/\/www.picmeta.com\/es\/wp-json\/wp\/v2\/pages\/89\/revisions\/800"}],"wp:featuredmedia":[{"embeddable":true,"href":"https:\/\/www.picmeta.com\/es\/wp-json\/wp\/v2\/media\/448"}],"wp:attachment":[{"href":"https:\/\/www.picmeta.com\/es\/wp-json\/wp\/v2\/media?parent=89"}],"curies":[{"name":"wp","href":"https:\/\/api.w.org\/{rel}","templated":true}]}}